{"id":737,"date":"2020-09-08T18:36:21","date_gmt":"2020-09-08T16:36:21","guid":{"rendered":"https:\/\/vinsheckmann.com\/index-wp\/vin-aoc-muscat\/"},"modified":"2022-07-01T16:13:19","modified_gmt":"2022-07-01T14:13:19","slug":"vin-aoc-muscat","status":"publish","type":"page","link":"https:\/\/vinsheckmann.com\/en\/vin-aoc-muscat\/","title":{"rendered":"Vin AOC Muscat"},"content":{"rendered":"<p>[et_pb_section fb_built=&#8221;1&#8243; _builder_version=&#8221;4.16&#8243; _module_preset=&#8221;default&#8221; global_colors_info=&#8221;{}&#8221;][et_pb_row _builder_version=&#8221;4.16&#8243; _module_preset=&#8221;default&#8221; global_colors_info=&#8221;{}&#8221;][et_pb_column type=&#8221;4_4&#8243; _builder_version=&#8221;4.16&#8243; _module_preset=&#8221;default&#8221; global_colors_info=&#8221;{}&#8221;][et_pb_button button_url=&#8221;@ET-DC@eyJkeW5hbWljIjp0cnVlLCJjb250ZW50IjoicG9zdF9saW5rX3VybF9wYWdlIiwic2V0dGluZ3MiOnsicG9zdF9pZCI6IjQ5In19@&#8221; button_text=&#8221;Retour&#8221; button_alignment=&#8221;left&#8221; _builder_version=&#8221;4.16&#8243; _dynamic_attributes=&#8221;button_url&#8221; _module_preset=&#8221;default&#8221; button_text_color=&#8221;#000000&#8243; button_bg_color=&#8221;#e1bf48&#8243; button_border_width=&#8221;0px&#8221; button_border_radius=&#8221;10px&#8221; button_icon=&#8221;&#x23;||divi||400&#8243; background_layout=&#8221;light&#8221; global_colors_info=&#8221;{}&#8221;][\/et_pb_button][\/et_pb_column][\/et_pb_row][et_pb_row column_structure=&#8221;1_2,1_2&#8243; _builder_version=&#8221;4.16&#8243; _module_preset=&#8221;default&#8221; global_colors_info=&#8221;{}&#8221;][et_pb_column type=&#8221;1_2&#8243; _builder_version=&#8221;4.16&#8243; _module_preset=&#8221;default&#8221; global_colors_info=&#8221;{}&#8221;][et_pb_image src=&#8221;https:\/\/vinsheckmann.com\/index-wp\/wp-content\/uploads\/2020\/09\/Muscat-2014.jpg&#8221; alt=&#8221;Bouteille Muscat 2014&#8243; title_text=&#8221;Muscat 2014&#8243; _builder_version=&#8221;4.16&#8243; _module_preset=&#8221;default&#8221; global_colors_info=&#8221;{}&#8221;][\/et_pb_image][\/et_pb_column][et_pb_column type=&#8221;1_2&#8243; _builder_version=&#8221;4.16&#8243; _module_preset=&#8221;default&#8221; global_colors_info=&#8221;{}&#8221;][et_pb_pricing_tables featured_table_background_color=&#8221;rgba(0,0,0,0)&#8221; featured_table_header_background_color=&#8221;rgba(0,0,0,0)&#8221; featured_table_header_text_color=&#8221;#000000&#8243; header_background_color=&#8221;#e1bf48&#8243; featured_table_subheader_text_color=&#8221;#000000&#8243; show_bullet=&#8221;off&#8221; featured_table_price_background_color=&#8221;rgba(0,0,0,0)&#8221; featured_table_price_color=&#8221;#ffffff&#8221; price_background_color=&#8221;rgba(0,0,0,0)&#8221; _builder_version=&#8221;4.17.1&#8243; _module_preset=&#8221;default&#8221; price_text_color=&#8221;#ffffff&#8221; subheader_text_color=&#8221;#000000&#8243; header_text_color=&#8221;#000000&#8243; header_level=&#8221;h1&#8243; custom_button=&#8221;on&#8221; button_text_color=&#8221;#ffffff&#8221; button_bg_color=&#8221;#ab8602&#8243; button_border_width=&#8221;0px&#8221; button_border_radius=&#8221;10px&#8221; button_icon=&#8221;&#x41;||divi||400&#8243; button_icon_color=&#8221;#ffffff&#8221; hover_enabled=&#8221;0&#8243; global_colors_info=&#8221;{}&#8221; sticky_enabled=&#8221;0&#8243;][et_pb_pricing_table title=&#8221;Muscat 2019&#8243; sum=&#8221;8\u20ac50&#8243; button_url=&#8221;@ET-DC@eyJkeW5hbWljIjp0cnVlLCJjb250ZW50IjoicG9zdF9saW5rX3VybF9wYWdlIiwic2V0dGluZ3MiOnsicG9zdF9pZCI6IjI4MSJ9fQ==@&#8221; url_new_window=&#8221;on&#8221; button_text=&#8221;Commander&#8221; price_background_color=&#8221;rgba(0,0,0,0)&#8221; header_background_color=&#8221;#ab8604&#8243; _builder_version=&#8221;4.17.1&#8243; _dynamic_attributes=&#8221;button_url&#8221; _module_preset=&#8221;default&#8221; price_text_color=&#8221;#ffffff&#8221; body_text_align=&#8221;center&#8221; price_font_size=&#8221;30px&#8221; background_color=&#8221;rgba(0,0,0,0)&#8221; background_enable_color=&#8221;on&#8221; hover_enabled=&#8221;0&#8243; border_radii=&#8221;on|10px|10px|10px|10px&#8221; border_width_all=&#8221;5px&#8221; border_color_all=&#8221;#ab8604&#8243; border_width_bottom_price=&#8221;0px&#8221; global_colors_info=&#8221;{}&#8221; sticky_transition=&#8221;on&#8221; button_icon_default=&#8221;&#x41;||divi||400&#8243; sticky_enabled=&#8221;0&#8243;]<\/p>\n<h2>Sp\u00e9cificit\u00e9s<\/h2>\n<p>Sec avec un fin bouquet aux ar\u00f4mes de raisin frais, c&#8217;est un excellent vin d&#8217;ap\u00e9ritif ou de r\u00e9ception, il vous surprendra \u00e9galement avec les asperges<\/p>\n<p>&nbsp;<\/p>\n<h2>Centilisation<\/h2>\n<p>75cl<\/p>\n<p>[\/et_pb_pricing_table][\/et_pb_pricing_tables][\/et_pb_column][\/et_pb_row][\/et_pb_section]<\/p>\n","protected":false},"excerpt":{"rendered":"<p>Sp\u00e9cificit\u00e9s Sec avec un fin bouquet aux ar\u00f4mes de raisin frais, c&#8217;est un excellent vin d&#8217;ap\u00e9ritif ou de r\u00e9ception, il vous surprendra \u00e9galement avec les asperges &nbsp; Centilisation 75cl<\/p>\n","protected":false},"author":1,"featured_media":0,"parent":0,"menu_order":0,"comment_status":"closed","ping_status":"closed","template":"","meta":{"_et_pb_use_builder":"on","_et_pb_old_content":"","_et_gb_content_width":"","footnotes":""},"class_list":["post-737","page","type-page","status-publish","hentry"],"_links":{"self":[{"href":"https:\/\/vinsheckmann.com\/en\/wp-json\/wp\/v2\/pages\/737","targetHints":{"allow":["GET"]}}],"collection":[{"href":"https:\/\/vinsheckmann.com\/en\/wp-json\/wp\/v2\/pages"}],"about":[{"href":"https:\/\/vinsheckmann.com\/en\/wp-json\/wp\/v2\/types\/page"}],"author":[{"embeddable":true,"href":"https:\/\/vinsheckmann.com\/en\/wp-json\/wp\/v2\/users\/1"}],"replies":[{"embeddable":true,"href":"https:\/\/vinsheckmann.com\/en\/wp-json\/wp\/v2\/comments?post=737"}],"version-history":[{"count":5,"href":"https:\/\/vinsheckmann.com\/en\/wp-json\/wp\/v2\/pages\/737\/revisions"}],"predecessor-version":[{"id":1670,"href":"https:\/\/vinsheckmann.com\/en\/wp-json\/wp\/v2\/pages\/737\/revisions\/1670"}],"wp:attachment":[{"href":"https:\/\/vinsheckmann.com\/en\/wp-json\/wp\/v2\/media?parent=737"}],"curies":[{"name":"wp","href":"https:\/\/api.w.org\/{rel}","templated":true}]}}