{"id":623,"date":"2020-08-12T21:20:04","date_gmt":"2020-08-12T19:20:04","guid":{"rendered":"https:\/\/vinsheckmann.com\/index-wp\/aoc-grand-cru\/"},"modified":"2022-07-01T16:26:08","modified_gmt":"2022-07-01T14:26:08","slug":"aoc-grand-cru","status":"publish","type":"page","link":"https:\/\/vinsheckmann.com\/en\/aoc-grand-cru\/","title":{"rendered":"AOC Grand Cru"},"content":{"rendered":"<p>[et_pb_section fb_built=&#8221;1&#8243; _builder_version=&#8221;4.16&#8243; _module_preset=&#8221;default&#8221; global_colors_info=&#8221;{}&#8221;][et_pb_row _builder_version=&#8221;4.16&#8243; _module_preset=&#8221;default&#8221; global_colors_info=&#8221;{}&#8221;][et_pb_column type=&#8221;4_4&#8243; _builder_version=&#8221;4.16&#8243; _module_preset=&#8221;default&#8221; global_colors_info=&#8221;{}&#8221;][et_pb_text _builder_version=&#8221;4.16&#8243; _module_preset=&#8221;default&#8221; global_colors_info=&#8221;{}&#8221;]<\/p>\n<h1 style=\"text-align: center;\">Vente directe vigneron r\u00e9coltant Grands Crus d&#8217;Alsace<\/h1>\n<p style=\"text-align: center;\">\n<p>[\/et_pb_text][\/et_pb_column][\/et_pb_row][et_pb_row column_structure=&#8221;1_2,1_2&#8243; _builder_version=&#8221;4.16&#8243; _module_preset=&#8221;default&#8221; width=&#8221;40%&#8221; global_colors_info=&#8221;{}&#8221;][et_pb_column type=&#8221;1_2&#8243; _builder_version=&#8221;4.16&#8243; _module_preset=&#8221;default&#8221; global_colors_info=&#8221;{}&#8221;][et_pb_text _builder_version=&#8221;4.16&#8243; _module_preset=&#8221;default&#8221; global_colors_info=&#8221;{}&#8221;]<\/p>\n<h1 style=\"text-align: center;\"><span style=\"color: #daaf15; font-size: 20px;\">Riesling<\/span><\/h1>\n<p style=\"text-align: center;\">Sec, rac\u00e9, fruit\u00e9, exquis d&#8217;une grande finesse aux nuances florale ou min\u00e9rales.<\/p>\n<p style=\"text-align: center;\">\n<p>[\/et_pb_text][\/et_pb_column][et_pb_column type=&#8221;1_2&#8243; _builder_version=&#8221;4.16&#8243; _module_preset=&#8221;default&#8221; global_colors_info=&#8221;{}&#8221;][et_pb_text _builder_version=&#8221;4.16&#8243; _module_preset=&#8221;default&#8221; global_colors_info=&#8221;{}&#8221;]<\/p>\n<p style=\"text-align: center;\"><span style=\"color: #daaf15; font-family: 'Roboto Condensed', Helvetica, Arial, Lucida, sans-serif; font-size: 20px;\">Gewurztraminer<\/span><\/p>\n<p style=\"text-align: center;\">Cors\u00e9, bien charpent\u00e9, l\u00e9g\u00e8rement moelleux, aux \u00e9l\u00e9gantes notes de fleurs&#8230;.<\/p>\n<p>[\/et_pb_text][\/et_pb_column][\/et_pb_row][et_pb_row _builder_version=&#8221;4.16&#8243; _module_preset=&#8221;default&#8221; global_colors_info=&#8221;{}&#8221;][et_pb_column type=&#8221;4_4&#8243; _builder_version=&#8221;4.16&#8243; _module_preset=&#8221;default&#8221; global_colors_info=&#8221;{}&#8221;][et_pb_toggle title=&#8221;Grand Cru Engelberg&#8221; open=&#8221;on&#8221; open_toggle_text_color=&#8221;#daaf15&#8243; closed_toggle_text_color=&#8221;#daaf15&#8243; icon_color=&#8221;#ab8602&#8243; use_icon_font_size=&#8221;on&#8221; icon_font_size=&#8221;28px&#8221; open_icon_color=&#8221;#ab8602&#8243; open_use_icon_font_size=&#8221;on&#8221; open_icon_font_size=&#8221;28px&#8221; _builder_version=&#8221;4.16&#8243; _module_preset=&#8221;default&#8221; title_text_color=&#8221;#daaf15&#8243; body_text_color=&#8221;#ffffff&#8221; background_color=&#8221;#3a292f&#8221; text_orientation=&#8221;left&#8221; global_colors_info=&#8221;{}&#8221;]<\/p>\n<h2>Un terroir exceptionnel<\/h2>\n<p style=\"text-align: justify;\">Sur le finage de la commune de Dahlenheim, l&#8217;Engelberg occupe sur 14,80 ha le versant plein Sud de la colline du Scharrach entre 250 et 300 m d&#8217;altitude. Il offre des sols marnocalcaires caillouteux, tr\u00e8s homog\u00e8nes et peu profonds, riches en fossiles notamment \u00e0 l&#8217;extr\u00eame Ouest o\u00f9 le Muschelkalk domine.<br \/>Son orientation au Sud et ses pentes assez fortes b\u00e9n\u00e9ficient d&#8217;un long ensoleillement et d&#8217;un microclimat id\u00e9al.<\/p>\n<p><img loading=\"lazy\" decoding=\"async\" src=\"https:\/\/vinsheckmann.com\/index-wp\/wp-content\/uploads\/2020\/08\/Terroir-AOC-Grand-Cru.jpg\" alt=\"Terroir AOC Grand Cru\" class=\"wp-image-123 alignnone size-full\" style=\"display: block; margin-left: auto; margin-right: auto;\" width=\"1024\" height=\"768\" srcset=\"https:\/\/vinsheckmann.com\/index-wp\/wp-content\/uploads\/2020\/08\/Terroir-AOC-Grand-Cru.jpg 1024w, https:\/\/vinsheckmann.com\/index-wp\/wp-content\/uploads\/2020\/08\/Terroir-AOC-Grand-Cru-980x735.jpg 980w, https:\/\/vinsheckmann.com\/index-wp\/wp-content\/uploads\/2020\/08\/Terroir-AOC-Grand-Cru-480x360.jpg 480w\" sizes=\"(min-width: 0px) and (max-width: 480px) 480px, (min-width: 481px) and (max-width: 980px) 980px, (min-width: 981px) 1024px, 100vw\" \/><\/p>\n<h2>Des c\u00e9pages privil\u00e9gi\u00e9s<\/h2>\n<p style=\"text-align: justify;\">Le Gewurztraminer et le Riesling s&#8217;\u00e9panouissent \u00e0 merveille sur l&#8217;Engelberg. Les Pinot Gris et Muscat y sont \u00e9galement vivement recommand\u00e9s.<\/p>\n<h2>De m\u00e9moire de connaisseur &#8230;<\/h2>\n<p style=\"text-align: justify;\">L&#8217;Engelberg est cit\u00e9 pour la premi\u00e8re fois en 884 pour ses vins nobles. Des documents de 1135 rapportent que le chapitre de la cath\u00e9drale de Strasbourg et de nombreuses congr\u00e9gations religieuses \u00e9taient propri\u00e9taires de ce terroir.<\/p>\n<h2>\u00a0Des qualit\u00e9s typiques<\/h2>\n<p style=\"text-align: justify;\">Les vins de l&#8217;Engelberg pr\u00e9sentent une tr\u00e8s belle harmonie, un corps bien charpent\u00e9 et un bouquet \u00e9l\u00e9gant. Ils s&#8217;expriment pleinement apr\u00e8s plusieurs ann\u00e9es de vieillissement et d\u00e9veloppent avec le temps ces ar\u00f4mes d\u00e9licats et remarquables caract\u00e9ristiques des terrains marno-calcaires.<\/p>\n<p>[\/et_pb_toggle][et_pb_button button_url=&#8221;https:\/\/vinsheckmann.com\/boutique\/&#8221; url_new_window=&#8221;on&#8221; button_text=&#8221;Commander&#8221; _builder_version=&#8221;4.13.0&#8243; _module_preset=&#8221;default&#8221; button_text_color=&#8221;#ffffff&#8221; button_bg_color=&#8221;#ab8602&#8243; button_border_radius=&#8221;10px&#8221; button_icon=&#8221;&#x41;||divi||400&#8243; button_icon_color=&#8221;#ffffff&#8221; global_module=&#8221;108&#8243; saved_tabs=&#8221;all&#8221; global_colors_info=&#8221;{}&#8221;][\/et_pb_button][\/et_pb_column][\/et_pb_row][et_pb_row column_structure=&#8221;1_4,1_4,1_4,1_4&#8243; _builder_version=&#8221;4.16&#8243; _module_preset=&#8221;default&#8221; global_colors_info=&#8221;{}&#8221;][et_pb_column type=&#8221;1_4&#8243; _builder_version=&#8221;4.16&#8243; _module_preset=&#8221;default&#8221; global_colors_info=&#8221;{}&#8221;][\/et_pb_column][et_pb_column type=&#8221;1_4&#8243; _builder_version=&#8221;4.16&#8243; _module_preset=&#8221;default&#8221; global_colors_info=&#8221;{}&#8221;][et_pb_cta button_url=&#8221;@ET-DC@eyJkeW5hbWljIjp0cnVlLCJjb250ZW50IjoicG9zdF9saW5rX3VybF9wYWdlIiwic2V0dGluZ3MiOnsicG9zdF9pZCI6IjM3MCJ9fQ==@&#8221; button_text=&#8221;En savoir +&#8221; _builder_version=&#8221;4.17.1&#8243; _dynamic_attributes=&#8221;button_url&#8221; _module_preset=&#8221;default&#8221; hover_enabled=&#8221;0&#8243; global_colors_info=&#8221;{}&#8221; sticky_enabled=&#8221;0&#8243;]<\/p>\n<p style=\"text-align: center;\"><img loading=\"lazy\" decoding=\"async\" src=\"https:\/\/vinsheckmann.com\/index-wp\/wp-content\/uploads\/2020\/09\/Riesling-Grand-Cru-Engelberg-2009-300x300.jpg\" alt=\"Bouteille Riesling Grand Cru Engelberg 2009\" class=\"wp-image-980 alignnone size-medium\" width=\"300\" height=\"300\" \/><\/p>\n<h2 style=\"text-align: center;\">RIESLING GRAND CRU ENGELBERG 2017<\/h2>\n<p>[\/et_pb_cta][\/et_pb_column][et_pb_column type=&#8221;1_4&#8243; _builder_version=&#8221;4.16&#8243; _module_preset=&#8221;default&#8221; global_colors_info=&#8221;{}&#8221;][et_pb_cta button_url=&#8221;@ET-DC@eyJkeW5hbWljIjp0cnVlLCJjb250ZW50IjoicG9zdF9saW5rX3VybF9wYWdlIiwic2V0dGluZ3MiOnsicG9zdF9pZCI6IjM5NyJ9fQ==@&#8221; button_text=&#8221;En savoir +&#8221; _builder_version=&#8221;4.16&#8243; _dynamic_attributes=&#8221;button_url&#8221; _module_preset=&#8221;default&#8221; global_colors_info=&#8221;{}&#8221;]<\/p>\n<p style=\"text-align: center;\"><img loading=\"lazy\" decoding=\"async\" src=\"https:\/\/vinsheckmann.com\/index-wp\/wp-content\/uploads\/2020\/09\/Gewurztraminer-Grand-Cru-Engelberg-2010-300x300.jpg\" width=\"300\" height=\"300\" alt=\"Bouteille Gewurztraminer Grand Cru Engelberg 2010\" class=\"wp-image-956 alignnone size-medium\" \/><\/p>\n<h2 style=\"text-align: center;\">GEWURZTRAMINER GRAND CRU ENGELBERG 2012<\/h2>\n<p>[\/et_pb_cta][\/et_pb_column][et_pb_column type=&#8221;1_4&#8243; _builder_version=&#8221;4.16&#8243; _module_preset=&#8221;default&#8221; global_colors_info=&#8221;{}&#8221;][\/et_pb_column][\/et_pb_row][\/et_pb_section]<\/p>\n","protected":false},"excerpt":{"rendered":"<p>Vente directe vigneron r\u00e9coltant Grands Crus d&#8217;Alsace Riesling Sec, rac\u00e9, fruit\u00e9, exquis d&#8217;une grande finesse aux nuances florale ou min\u00e9rales. Gewurztraminer Cors\u00e9, bien charpent\u00e9, l\u00e9g\u00e8rement moelleux, aux \u00e9l\u00e9gantes notes de fleurs&#8230;.Un terroir exceptionnel Sur le finage de la commune de Dahlenheim, l&#8217;Engelberg occupe sur 14,80 ha le versant plein Sud de la colline du Scharrach [&hellip;]<\/p>\n","protected":false},"author":1,"featured_media":0,"parent":0,"menu_order":0,"comment_status":"closed","ping_status":"closed","template":"","meta":{"_et_pb_use_builder":"on","_et_pb_old_content":"","_et_gb_content_width":"","footnotes":""},"class_list":["post-623","page","type-page","status-publish","hentry"],"_links":{"self":[{"href":"https:\/\/vinsheckmann.com\/en\/wp-json\/wp\/v2\/pages\/623","targetHints":{"allow":["GET"]}}],"collection":[{"href":"https:\/\/vinsheckmann.com\/en\/wp-json\/wp\/v2\/pages"}],"about":[{"href":"https:\/\/vinsheckmann.com\/en\/wp-json\/wp\/v2\/types\/page"}],"author":[{"embeddable":true,"href":"https:\/\/vinsheckmann.com\/en\/wp-json\/wp\/v2\/users\/1"}],"replies":[{"embeddable":true,"href":"https:\/\/vinsheckmann.com\/en\/wp-json\/wp\/v2\/comments?post=623"}],"version-history":[{"count":5,"href":"https:\/\/vinsheckmann.com\/en\/wp-json\/wp\/v2\/pages\/623\/revisions"}],"predecessor-version":[{"id":1709,"href":"https:\/\/vinsheckmann.com\/en\/wp-json\/wp\/v2\/pages\/623\/revisions\/1709"}],"wp:attachment":[{"href":"https:\/\/vinsheckmann.com\/en\/wp-json\/wp\/v2\/media?parent=623"}],"curies":[{"name":"wp","href":"https:\/\/api.w.org\/{rel}","templated":true}]}}