{"id":581,"date":"2020-07-16T16:17:58","date_gmt":"2020-07-16T14:17:58","guid":{"rendered":"https:\/\/vinsheckmann.com\/index-wp\/mentions-legales\/"},"modified":"2020-09-09T11:53:12","modified_gmt":"2020-09-09T09:53:12","slug":"mentions-legales","status":"publish","type":"page","link":"https:\/\/vinsheckmann.com\/en\/mentions-legales\/","title":{"rendered":"Mentions L\u00e9gales"},"content":{"rendered":"\n[et_pb_section fb_built=&#8221;1&#8243; _builder_version=&#8221;4.5.1&#8243; _module_preset=&#8221;default&#8221; background_color=&#8221;rgba(0,0,0,0)&#8221;][et_pb_row _builder_version=&#8221;4.5.1&#8243; _module_preset=&#8221;default&#8221;][et_pb_column type=&#8221;4_4&#8243; _builder_version=&#8221;4.5.1&#8243; _module_preset=&#8221;default&#8221;][et_pb_text _builder_version=&#8221;4.6.0&#8243; _module_preset=&#8221;default&#8221; hover_enabled=&#8221;0&#8243; sticky_enabled=&#8221;0&#8243;]<h1 style=\"text-align: center;\">Mentions l\u00e9gales<\/h1>\n<p>Ce site est la propri\u00e9t\u00e9 de la soci\u00e9t\u00e9\u00a0HECKMANN MAURICE EARL, SARL au capital de 114\u00a0336,76\u00a0\u20ac, SIREN\u00a0398716878, dont les coordonn\u00e9es sont\u00a0:<\/p>\n<ul>\n<li>Adresse du si\u00e8ge social\u00a0\u00a0: 72 RUE PRINCIPALE, 67310 DAHLENHEIM.<\/li>\n<li>T\u00e9l\u00e9phone\u00a0: 03 88 50 67 25<\/li>\n<li>Courrier \u00e9lectronique\u00a0:\u00a0<a href=\"mailto:contact@vinsheckmann.fr\">contact@vinsheckmann.fr<\/a><\/li>\n<li>N\u00b0 de TVA intracommunautaire\u00a0: FR93398716878<\/li>\n<li>&#8220;cr\u00e9dits photos&#8221; Marie Faggiano 2015<\/li>\n<\/ul>\n<p>Le Directeur de la publication du site est Monsieur HECKMANN Maurice, en sa qualit\u00e9 de g\u00e9rant.<\/p>\n<p style=\"text-align: justify;\">Le prestataire assurant l&#8217;h\u00e9bergement du site ainsi que le stockage des informations est la soci\u00e9t\u00e9\u00a0PLANETHOSTER inc., soit le prestataire des SERVICES, lequel est situ\u00e9 au 4416 Louis B. Mayer, Laval (Qu\u00e9bec) H7P 0G1, Canada.<\/p>\n<h2>Le contenu du site<\/h2>\n<p style=\"text-align: justify;\">La soci\u00e9t\u00e9\u00a0HECKMANN MAURICE EARL\u00a0garantit les caract\u00e9ristiques essentielles des produits. La soci\u00e9t\u00e9\u00a0HECKMANN MAURICE EARL\u00a0ne peut \u00eatre tenue responsable de l\u2019utilisation et de l\u2019interpr\u00e9tation de l\u2019information contenue dans ce site.<\/p>\n<p style=\"text-align: justify;\">La soci\u00e9t\u00e9\u00a0HECKMANN MAURICE EARL\u00a0ne peut \u00eatre tenue pour responsable d&#8217;\u00e9ventuels virus qui pourraient infecter l&#8217;ordinateur ou tout mat\u00e9riel informatique de l&#8217;Internaute, suite \u00e0 une utilisation, \u00e0 l&#8217;acc\u00e8s, ou au t\u00e9l\u00e9chargement provenant de ce site.<\/p>\n<p style=\"text-align: justify;\">La soci\u00e9t\u00e9\u00a0HECKMANN MAURICE EARL\u00a0se r\u00e9serve le droit de modifier le contenu de ses offres commerciales \u00e0 tout moment, \u00e9tant entendu que toute commande effectu\u00e9e avant la modification de l\u2019offre sera honor\u00e9e.<\/p>\n<h2>Droits d&#8217;auteurs et propri\u00e9t\u00e9 intellectuelle<\/h2>\n<p style=\"text-align: justify;\">Ce site est la propri\u00e9t\u00e9 de Monsieur HECKMANN Maurice\u00a0qui est titulaire de tous les droits de propri\u00e9t\u00e9 intellectuelle. Ce site constitue une \u0153uvre prot\u00e9g\u00e9e au titre de la propri\u00e9t\u00e9 intellectuelle, au m\u00eame titre que la structure g\u00e9n\u00e9rale du site, le graphisme ainsi que les \u00e9l\u00e9ments accessibles sur le site (formulaires, textes, photographies, images&#8230;).<\/p>\n<p style=\"text-align: justify;\">Sauf autorisation \u00e9crite pr\u00e9alable de Monsieur HECKMANN Maurice, le site et les informations qui y figurent ne peuvent \u00eatre copi\u00e9s, reproduits, modifi\u00e9s, transmis, publi\u00e9s sur quelques supports que ce soit, ni exploit\u00e9s en tout ou partie \u00e0 des fins commerciales ou non commerciales, ni servir \u00e0 la r\u00e9alisation d&#8217;\u0153uvres d\u00e9riv\u00e9es.<\/p>\n<p style=\"text-align: justify;\">Le non-respect de ces r\u00e8gles peut engager la responsabilit\u00e9 de l&#8217;Internaute au sens des articles L. 713-2 et L.713-3 du Code de la Propri\u00e9t\u00e9 Intellectuelle.<\/p>\n<h2>Protection de la vie priv\u00e9e et des donn\u00e9es personnelles<\/h2>\n<p style=\"text-align: justify;\">L&#8217;Internaute est inform\u00e9 que les informations qu&#8217;il communique via les formulaires pr\u00e9sents sur le Site sont n\u00e9cessaires \u00e0 l&#8217;ex\u00e9cution des prestations propos\u00e9es par la soci\u00e9t\u00e9\u00a0HECKMANN MAURICE EARL. L&#8217;internaute dispose d&#8217;un droit d&#8217;acc\u00e8s, de modification, de rectification ou de suppression aux donn\u00e9es personnelles le concernant en \u00e9crivant \u00e0 la soci\u00e9t\u00e9\u00a0HECKMANN MAURICE EARL, 72 RUE PRINCIPALE, 67310 DAHLENHEIM.<\/p>\n<p style=\"text-align: justify;\">Par ailleurs, les ordinateurs se connectant au pr\u00e9sent site stockent sur leur disque dur un ou plusieurs fichiers au format texte d\u00e9nomm\u00e9s &#8220;Cookies &#8221; qui enregistrent des informations relatives \u00e0 la navigation sur le site effectu\u00e9e \u00e0 partir de l&#8217;ordinateur sur lequel est stock\u00e9 le &#8220;cookie&#8221; (type de navigateur, les pages consult\u00e9es, la date et l&#8217;heure de la consultation, &#8230;). La soci\u00e9t\u00e9\u00a0HECKMANN MAURICE EARL\u00a0utilise ces &#8220;Cookies&#8221; \u00e0 des fins statistiques, en vue d&#8217;am\u00e9liorer l&#8217;ergonomie du site, de mieux suivre les centres d&#8217;int\u00e9r\u00eats des internautes. L&#8217;internaute connect\u00e9 au site a la libert\u00e9 de s&#8217;opposer \u00e0 l&#8217;enregistrement de &#8220;cookies&#8221; en utilisant les fonctionnalit\u00e9s correspondantes sur son navigateur.<\/p>\n<p style=\"text-align: justify;\">Dans ce cas, il se peut qu&#8217;il ne puisse b\u00e9n\u00e9ficier de la totalit\u00e9 des fonctions et des services propos\u00e9s sur le pr\u00e9sent site.<\/p>\n<h2>Liens hypertextes vers des sites tiers<\/h2>\n<p style=\"text-align: justify;\">Ce site propose des liens hypertextes pointant vers des sites Internet \u00e9dit\u00e9s par des tiers. Ces liens sont \u00e9tablis de bonne foi et la soci\u00e9t\u00e9\u00a0HECKMANN MAURICE EARL\u00a0ne peut \u00eatre tenue pour responsable de modifications intervenues sur ces sites. Par cons\u00e9quent, ces liens hypertextes ne sauraient, en aucun cas, engager la responsabilit\u00e9 de la soci\u00e9t\u00e9\u00a0HECKMANN MAURICE EARL\u00a0: seule la responsabilit\u00e9 des \u00e9diteurs des sites r\u00e9f\u00e9renc\u00e9s sur le site de la soci\u00e9t\u00e9\u00a0HECKMANN MAURICE EARL\u00a0pourra \u00eatre engag\u00e9e.<\/p>\n<h2>Droit applicable<\/h2>\n<p>Ce site ainsi que les pr\u00e9sentes mentions l\u00e9gales sont soumis au droit fran\u00e7ais.<\/p>\n[\/et_pb_text][\/et_pb_column][\/et_pb_row][\/et_pb_section]\n","protected":false},"excerpt":{"rendered":"<p>Mentions l\u00e9gales Ce site est la propri\u00e9t\u00e9 de la soci\u00e9t\u00e9\u00a0HECKMANN MAURICE EARL, SARL au capital de 114\u00a0336,76\u00a0\u20ac, SIREN\u00a0398716878, dont les coordonn\u00e9es sont\u00a0: Adresse du si\u00e8ge social\u00a0\u00a0: 72 RUE PRINCIPALE, 67310 DAHLENHEIM. T\u00e9l\u00e9phone\u00a0: 03 88 50 67 25 Courrier \u00e9lectronique\u00a0:\u00a0contact@vinsheckmann.fr N\u00b0 de TVA intracommunautaire\u00a0: FR93398716878 &#8220;cr\u00e9dits photos&#8221; Marie Faggiano 2015 Le Directeur de la publication du [&hellip;]<\/p>\n","protected":false},"author":1,"featured_media":0,"parent":0,"menu_order":0,"comment_status":"closed","ping_status":"closed","template":"","meta":{"_et_pb_use_builder":"on","_et_pb_old_content":"","_et_gb_content_width":"","footnotes":""},"class_list":["post-581","page","type-page","status-publish","hentry"],"_links":{"self":[{"href":"https:\/\/vinsheckmann.com\/en\/wp-json\/wp\/v2\/pages\/581","targetHints":{"allow":["GET"]}}],"collection":[{"href":"https:\/\/vinsheckmann.com\/en\/wp-json\/wp\/v2\/pages"}],"about":[{"href":"https:\/\/vinsheckmann.com\/en\/wp-json\/wp\/v2\/types\/page"}],"author":[{"embeddable":true,"href":"https:\/\/vinsheckmann.com\/en\/wp-json\/wp\/v2\/users\/1"}],"replies":[{"embeddable":true,"href":"https:\/\/vinsheckmann.com\/en\/wp-json\/wp\/v2\/comments?post=581"}],"version-history":[{"count":2,"href":"https:\/\/vinsheckmann.com\/en\/wp-json\/wp\/v2\/pages\/581\/revisions"}],"predecessor-version":[{"id":586,"href":"https:\/\/vinsheckmann.com\/en\/wp-json\/wp\/v2\/pages\/581\/revisions\/586"}],"wp:attachment":[{"href":"https:\/\/vinsheckmann.com\/en\/wp-json\/wp\/v2\/media?parent=581"}],"curies":[{"name":"wp","href":"https:\/\/api.w.org\/{rel}","templated":true}]}}