{"id":675,"date":"2020-09-08T15:08:15","date_gmt":"2020-09-08T13:08:15","guid":{"rendered":"https:\/\/vinsheckmann.com\/index-wp\/selection-de-grains-nobles-gewurztraminer\/"},"modified":"2020-09-29T13:45:55","modified_gmt":"2020-09-29T11:45:55","slug":"selection-de-grains-nobles-gewurztraminer","status":"publish","type":"page","link":"https:\/\/vinsheckmann.com\/de\/selection-de-grains-nobles-gewurztraminer\/","title":{"rendered":"S\u00e9lection de Grains Nobles Gewurztraminer"},"content":{"rendered":"<p>[et_pb_section fb_built=&#8220;1&#8243; _builder_version=&#8220;4.6.0&#8243; _module_preset=&#8220;default&#8220;][et_pb_row _builder_version=&#8220;4.6.0&#8243; _module_preset=&#8220;default&#8220;][et_pb_column type=&#8220;4_4&#8243; _builder_version=&#8220;4.6.0&#8243; _module_preset=&#8220;default&#8220;][et_pb_button button_url=&#8220;@ET-DC@eyJkeW5hbWljIjp0cnVlLCJjb250ZW50IjoicG9zdF9saW5rX3VybF9wYWdlIiwic2V0dGluZ3MiOnsicG9zdF9pZCI6IjU1In19@&#8220; button_text=&#8220;Retour&#8220; button_alignment=&#8220;left&#8220; _builder_version=&#8220;4.6.0&#8243; _dynamic_attributes=&#8220;button_url&#8220; _module_preset=&#8220;default&#8220; button_text_color=&#8220;#000000&#8243; button_bg_color=&#8220;#e1bf48&#8243; button_border_width=&#8220;0px&#8220; button_border_radius=&#8220;10px&#8220; button_icon=&#8220;%%2%%&#8220; background_layout=&#8220;light&#8220;][\/et_pb_button][\/et_pb_column][\/et_pb_row][et_pb_row column_structure=&#8220;1_2,1_2&#8243; _builder_version=&#8220;4.6.0&#8243; _module_preset=&#8220;default&#8220;][et_pb_column type=&#8220;1_2&#8243; _builder_version=&#8220;4.6.0&#8243; _module_preset=&#8220;default&#8220;][et_pb_image src=&#8220;https:\/\/vinsheckmann.com\/index-wp\/wp-content\/uploads\/2020\/09\/Gewurztraminer-Selection-de-Grains-Nobles-2009.jpg&#8220; alt=&#8220;Bouteille Gewurztraminer S\u00e9lection de Grains Nobles 2009&#8243; title_text=&#8220;Gewurztraminer S\u00e9lection de Grains Nobles 2009&#8243; _builder_version=&#8220;4.6.5&#8243; _module_preset=&#8220;default&#8220; hover_enabled=&#8220;0&#8243; sticky_enabled=&#8220;0&#8243;][\/et_pb_image][\/et_pb_column][et_pb_column type=&#8220;1_2&#8243; _builder_version=&#8220;4.6.0&#8243; _module_preset=&#8220;default&#8220;][et_pb_pricing_tables featured_table_background_color=&#8220;rgba(0,0,0,0)&#8220; featured_table_header_background_color=&#8220;rgba(0,0,0,0)&#8220; featured_table_header_text_color=&#8220;#000000&#8243; header_background_color=&#8220;#e1bf48&#8243; featured_table_subheader_text_color=&#8220;#000000&#8243; show_bullet=&#8220;off&#8220; featured_table_price_background_color=&#8220;rgba(0,0,0,0)&#8220; featured_table_price_color=&#8220;#ffffff&#8220; price_background_color=&#8220;rgba(0,0,0,0)&#8220; _builder_version=&#8220;4.6.0&#8243; _module_preset=&#8220;default&#8220; price_text_color=&#8220;#ffffff&#8220; subheader_text_color=&#8220;#000000&#8243; header_text_color=&#8220;#000000&#8243; header_level=&#8220;h1&#8243; custom_button=&#8220;on&#8220; button_text_color=&#8220;#ffffff&#8220; button_bg_color=&#8220;#ab8602&#8243; button_border_width=&#8220;0px&#8220; button_border_radius=&#8220;10px&#8220; button_icon=&#8220;%%32%%&#8220; button_icon_color=&#8220;#ffffff&#8220;][et_pb_pricing_table title=&#8220;Gewurztraminer S\u00e9lection de Grains Nobles 2009&#8243; sum=&#8220;25\u20ac&#8220; button_url=&#8220;https:\/\/vinsheckmann.com\/index-wp\/commander\/&#8220; url_new_window=&#8220;on&#8220; button_text=&#8220;Commander&#8220; price_background_color=&#8220;rgba(0,0,0,0)&#8220; header_background_color=&#8220;#ab8604&#8243; _builder_version=&#8220;4.6.0&#8243; _module_preset=&#8220;default&#8220; price_text_color=&#8220;#ffffff&#8220; body_text_align=&#8220;center&#8220; price_font_size=&#8220;30px&#8220; background_color=&#8220;rgba(0,0,0,0)&#8220; background_enable_color=&#8220;on&#8220; border_radii=&#8220;on|10px|10px|10px|10px&#8220; border_width_all=&#8220;5px&#8220; border_color_all=&#8220;#ab8604&#8243; border_width_bottom_price=&#8220;0px&#8220; sticky_transition=&#8220;on&#8220; button_icon_default=&#8220;%%32%%&#8220;]<\/p>\n<h2>Sp\u00e9cificit\u00e9s<\/h2>\n<p>Vin liquoreux, \u00e9pic\u00e9, aux ar\u00f4mes de fruits surm\u00fbris pour l&#8217;ap\u00e9ritif ou le dessert<\/p>\n<h2>Degr\u00e9<\/h2>\n<p>13%<\/p>\n<h2>Centilisation<\/h2>\n<p>50cl<\/p>\n<p>[\/et_pb_pricing_table][\/et_pb_pricing_tables][\/et_pb_column][\/et_pb_row][\/et_pb_section]<\/p>\n","protected":false},"excerpt":{"rendered":"<p>Sp\u00e9cificit\u00e9s Vin liquoreux, \u00e9pic\u00e9, aux ar\u00f4mes de fruits surm\u00fbris pour l&#8217;ap\u00e9ritif ou le dessert Degr\u00e9 13% Centilisation 50cl<\/p>\n","protected":false},"author":1,"featured_media":0,"parent":0,"menu_order":0,"comment_status":"closed","ping_status":"closed","template":"","meta":{"_et_pb_use_builder":"on","_et_pb_old_content":"","_et_gb_content_width":"","footnotes":""},"class_list":["post-675","page","type-page","status-publish","hentry"],"_links":{"self":[{"href":"https:\/\/vinsheckmann.com\/de\/wp-json\/wp\/v2\/pages\/675","targetHints":{"allow":["GET"]}}],"collection":[{"href":"https:\/\/vinsheckmann.com\/de\/wp-json\/wp\/v2\/pages"}],"about":[{"href":"https:\/\/vinsheckmann.com\/de\/wp-json\/wp\/v2\/types\/page"}],"author":[{"embeddable":true,"href":"https:\/\/vinsheckmann.com\/de\/wp-json\/wp\/v2\/users\/1"}],"replies":[{"embeddable":true,"href":"https:\/\/vinsheckmann.com\/de\/wp-json\/wp\/v2\/comments?post=675"}],"version-history":[{"count":3,"href":"https:\/\/vinsheckmann.com\/de\/wp-json\/wp\/v2\/pages\/675\/revisions"}],"predecessor-version":[{"id":1023,"href":"https:\/\/vinsheckmann.com\/de\/wp-json\/wp\/v2\/pages\/675\/revisions\/1023"}],"wp:attachment":[{"href":"https:\/\/vinsheckmann.com\/de\/wp-json\/wp\/v2\/media?parent=675"}],"curies":[{"name":"wp","href":"https:\/\/api.w.org\/{rel}","templated":true}]}}