{"id":651,"date":"2020-09-09T13:02:10","date_gmt":"2020-09-09T11:02:10","guid":{"rendered":"https:\/\/vinsheckmann.com\/index-wp\/im-laufe-der-jahreszeiten\/"},"modified":"2020-09-09T13:02:11","modified_gmt":"2020-09-09T11:02:11","slug":"im-laufe-der-jahreszeiten","status":"publish","type":"page","link":"https:\/\/vinsheckmann.com\/de\/im-laufe-der-jahreszeiten\/","title":{"rendered":"Im Laufe der Jahreszeiten"},"content":{"rendered":"<p>[et_pb_section fb_built=&#8220;1&#8243; _builder_version=&#8220;4.6.0&#8243; _module_preset=&#8220;default&#8220;][et_pb_row _builder_version=&#8220;4.6.0&#8243; _module_preset=&#8220;default&#8220;][et_pb_column type=&#8220;4_4&#8243; _builder_version=&#8220;4.6.0&#8243; _module_preset=&#8220;default&#8220;][et_pb_text _builder_version=&#8220;4.6.0&#8243; _module_preset=&#8220;default&#8220;]<\/p>\n<h1 style=\"text-align: center;\">Im Laufe der Jahreszeiten<\/h1>\n<p>[\/et_pb_text][et_pb_image src=&#8220;https:\/\/vinsheckmann.com\/index-wp\/wp-content\/uploads\/2020\/09\/Au-fil-des-saisons-Hiver.jpg&#8220; alt=&#8220;Im Laufe der Jahreszeiten &#8211; Winter&#8220; title_text=&#8220;Im Laufe der Jahreszeiten &#8211; Winter&#8220; _builder_version=&#8220;4.6.0&#8243; _module_preset=&#8220;default&#8220;][\/et_pb_image][et_pb_text _builder_version=&#8220;4.6.0&#8243; _module_preset=&#8220;default&#8220; hover_enabled=&#8220;0&#8243; custom_margin=&#8220;||85px||false|false&#8220; sticky_enabled=&#8220;0&#8243;]<\/p>\n<h2 style=\"text-align: center;\">WINTER<\/h2>\n<h3 style=\"text-align: center;\">Rebschnitt<\/h3>\n<p>Der Rebschnitt wird von Ende November bis M\u00e4rz vorgenommen, w\u00e4hrend der Saftruhe des Rebstocks. Der als einfacher oder doppelter Guyot-Schnitt bezeichnete Rebschnitt besteht darin, dass zur Gew\u00e4hrung eines best\u00e4ndigen Ertrags bei konstanter Qualit\u00e4t ein oder zwei Ruten am Rebstock belassen werden, je nach dessen Robustheit.<\/p>\n<h3 style=\"text-align: center;\">Binden<\/h3>\n<p>Nach dem Rebschnitt werden die Ruten \u00fcber den zweituntersten Draht am Drahtrahmen gebogen und an den untersten Draht gebunden. Der so erzielte Bogen erm\u00f6glicht einen regelm\u00e4\u00dfigen Austrieb der Augen (Knospen) an der ganzen Rute.<\/p>\n<p>[\/et_pb_text][et_pb_image src=&#8220;https:\/\/vinsheckmann.com\/index-wp\/wp-content\/uploads\/2020\/09\/Au-fil-des-saisons-Printemps.jpg&#8220; alt=&#8220;Im Laufe der Jahreszeiten &#8211; Fr\u00fchling&#8220; title_text=&#8220;Im Laufe der Jahreszeiten &#8211; Fr\u00fchling&#8220; _builder_version=&#8220;4.6.0&#8243; _module_preset=&#8220;default&#8220;][\/et_pb_image][et_pb_text _builder_version=&#8220;4.6.0&#8243; _module_preset=&#8220;default&#8220; hover_enabled=&#8220;0&#8243; custom_margin=&#8220;||85px||false|false&#8220; sticky_enabled=&#8220;0&#8243;]<\/p>\n<h2 style=\"text-align: center;\">FR\u00dcHLING<\/h2>\n<h3 style=\"text-align: center;\">Ausgeizen<\/h3>\n<p>Diese Arbeit kann per Hand oder maschinell gemacht werden. Sie besteht darin, die unn\u00f6tigen Triebe (auch Geiztriebe genannt) zu entfernen, die im unteren Bereich des Rebstocks wachsen.<\/p>\n<h3 style=\"text-align: center;\">EbourgeonnageEntfernen der \u00fcbersch\u00fcssigen Knospen<\/h3>\n<p>Die doppelten Augen an den Ruten und die \u00fcberz\u00e4hligen Geiztriebe am oberen Teil des Rebstocks werden entfernt, um einen zu dichten Wuchs im Sommer zu vermeiden.[\/et_pb_text][et_pb_image src=&#8220;https:\/\/vinsheckmann.com\/index-wp\/wp-content\/uploads\/2020\/09\/Au-fil-des-saisons-Ete.jpg&#8220; alt=&#8220;Im Laufe der Jahreszeiten &#8211; Sommer&#8220; title_text=&#8220;Im Laufe der Jahreszeiten &#8211; Sommer&#8220; _builder_version=&#8220;4.6.0&#8243; _module_preset=&#8220;default&#8220; hover_enabled=&#8220;0&#8243; sticky_enabled=&#8220;0&#8243;][\/et_pb_image][et_pb_text _builder_version=&#8220;4.6.0&#8243; _module_preset=&#8220;default&#8220; hover_enabled=&#8220;0&#8243; custom_margin=&#8220;||85px||false|false&#8220; sticky_enabled=&#8220;0&#8243;]<\/p>\n<h2 style=\"text-align: center;\">SOMMER<\/h2>\n<h3 style=\"text-align: center;\">Festbinden und Zurechtschneiden<\/h3>\n<p>Die Ruten werden hoch gebogen und zwischen zwei Dr\u00e4hte gespannt, um eine einheitliche Blattoberfl\u00e4che zu schaffen.<br \/>\nDie Ruten werden anschlie\u00dfend zun\u00e4chst oberhalb des h\u00f6chsten Drahtes und sp\u00e4ter auch an den Seiten gekappt,<br \/>\nwenn der Wuchs dort dichter wird. Je nach Robustheit des Rebstocks kann es erforderlich sein, die Operation mehrmals zu wiederholen.<\/p>\n<h3 style=\"text-align: center;\">Boden-und Rebbehandlung<\/h3>\n<p>Boden und Rebe werden von Mai bis Ende Juni behandelt, um kryptogamische Krankheiten einzuhemmen (falscher Mehltau, Odium, Botrytis). Die Anzahl der Behandlungen h\u00e4ngt von den klimatischen Bedingungen ab. Bei g\u00fcnstiger Witterung ist das Risiko derartiger Krankheitsbildung geringer.<br \/>\n[\/et_pb_text][et_pb_image src=&#8220;https:\/\/vinsheckmann.com\/index-wp\/wp-content\/uploads\/2020\/09\/Au-fil-des-saisons-Automne.jpg&#8220; alt=&#8220;Im Laufe der Jahreszeiten &#8211; Herbst&#8220; title_text=&#8220;Im Laufe der Jahreszeiten &#8211; Herbst&#8220; _builder_version=&#8220;4.6.0&#8243; _module_preset=&#8220;default&#8220; hover_enabled=&#8220;0&#8243; sticky_enabled=&#8220;0&#8243;][\/et_pb_image][et_pb_text _builder_version=&#8220;4.6.0&#8243; _module_preset=&#8220;default&#8220;]<\/p>\n<h2 style=\"text-align: center;\">HERBST<\/h2>\n<h3 style=\"text-align: center;\">Weinlese<\/h3>\n<p>Ab Anfang September werden Proben zur Pr\u00fcfung der Traubenreife entnommen. Erreicht wird diese ca. 100 Tage nach der Bl\u00fcte im Juni. Die Weinlese beginnt in der Regel Mitte September f\u00fcr den Cr\u00e9mant d\u2019Alsace, gefolgt von den Weinen der Appellationen AOC Alsace und Grand Cru.[\/et_pb_text][\/et_pb_column][\/et_pb_row][\/et_pb_section]<\/p>\n","protected":false},"excerpt":{"rendered":"<p>Im Laufe der JahreszeitenWINTER Rebschnitt Der Rebschnitt wird von Ende November bis M\u00e4rz vorgenommen, w\u00e4hrend der Saftruhe des Rebstocks. Der als einfacher oder doppelter Guyot-Schnitt bezeichnete Rebschnitt besteht darin, dass zur Gew\u00e4hrung eines best\u00e4ndigen Ertrags bei konstanter Qualit\u00e4t ein oder zwei Ruten am Rebstock belassen werden, je nach dessen Robustheit. Binden Nach dem Rebschnitt werden [&hellip;]<\/p>\n","protected":false},"author":1,"featured_media":0,"parent":0,"menu_order":0,"comment_status":"closed","ping_status":"closed","template":"","meta":{"_et_pb_use_builder":"on","_et_pb_old_content":"","_et_gb_content_width":"","footnotes":""},"class_list":["post-651","page","type-page","status-publish","hentry"],"_links":{"self":[{"href":"https:\/\/vinsheckmann.com\/de\/wp-json\/wp\/v2\/pages\/651","targetHints":{"allow":["GET"]}}],"collection":[{"href":"https:\/\/vinsheckmann.com\/de\/wp-json\/wp\/v2\/pages"}],"about":[{"href":"https:\/\/vinsheckmann.com\/de\/wp-json\/wp\/v2\/types\/page"}],"author":[{"embeddable":true,"href":"https:\/\/vinsheckmann.com\/de\/wp-json\/wp\/v2\/users\/1"}],"replies":[{"embeddable":true,"href":"https:\/\/vinsheckmann.com\/de\/wp-json\/wp\/v2\/comments?post=651"}],"version-history":[{"count":2,"href":"https:\/\/vinsheckmann.com\/de\/wp-json\/wp\/v2\/pages\/651\/revisions"}],"predecessor-version":[{"id":653,"href":"https:\/\/vinsheckmann.com\/de\/wp-json\/wp\/v2\/pages\/651\/revisions\/653"}],"wp:attachment":[{"href":"https:\/\/vinsheckmann.com\/de\/wp-json\/wp\/v2\/media?parent=651"}],"curies":[{"name":"wp","href":"https:\/\/api.w.org\/{rel}","templated":true}]}}