{"id":642,"date":"2020-08-12T21:21:29","date_gmt":"2020-08-12T19:21:29","guid":{"rendered":"https:\/\/vinsheckmann.com\/index-wp\/aoc-vendanges-tardives-et-selection-de-grains-nobles\/"},"modified":"2025-05-13T20:26:11","modified_gmt":"2025-05-13T18:26:11","slug":"aoc-vendanges-tardives-et-selection-de-grains-nobles","status":"publish","type":"page","link":"https:\/\/vinsheckmann.com\/de\/aoc-vendanges-tardives-et-selection-de-grains-nobles\/","title":{"rendered":"AOC Vendanges Tardives et S\u00e9lection de Grains Nobles"},"content":{"rendered":"<p>[et_pb_section fb_built=&#8220;1&#8243; _builder_version=&#8220;4.16&#8243; _module_preset=&#8220;default&#8220; global_colors_info=&#8220;{}&#8220;][et_pb_row _builder_version=&#8220;4.16&#8243; _module_preset=&#8220;default&#8220; global_colors_info=&#8220;{}&#8220;][et_pb_column type=&#8220;4_4&#8243; _builder_version=&#8220;4.16&#8243; _module_preset=&#8220;default&#8220; global_colors_info=&#8220;{}&#8220;][et_pb_text _builder_version=&#8220;4.16&#8243; _module_preset=&#8220;default&#8220; global_colors_info=&#8220;{}&#8220;]<\/p>\n<h1 style=\"text-align: center;\">AOC Vendanges Tardives et S\u00e9lection de Grains Nobles<\/h1>\n<p>[\/et_pb_text][et_pb_button button_url=&#8220;https:\/\/vinsheckmann.com\/boutique\/&#8220; url_new_window=&#8220;on&#8220; button_text=&#8220;Commander&#8220; _builder_version=&#8220;4.13.0&#8243; _module_preset=&#8220;default&#8220; button_text_color=&#8220;#ffffff&#8220; button_bg_color=&#8220;#ab8602&#8243; button_border_radius=&#8220;10px&#8220; button_icon=&#8220;&#x41;||divi||400&#8243; button_icon_color=&#8220;#ffffff&#8220; global_module=&#8220;108&#8243; saved_tabs=&#8220;all&#8220; global_colors_info=&#8220;{}&#8220;][\/et_pb_button][\/et_pb_column][\/et_pb_row][et_pb_row column_structure=&#8220;1_4,1_4,1_4,1_4&#8243; _builder_version=&#8220;4.16&#8243; _module_preset=&#8220;default&#8220; global_colors_info=&#8220;{}&#8220;][et_pb_column type=&#8220;1_4&#8243; _builder_version=&#8220;4.16&#8243; _module_preset=&#8220;default&#8220; global_colors_info=&#8220;{}&#8220;][\/et_pb_column][et_pb_column type=&#8220;1_4&#8243; _builder_version=&#8220;4.16&#8243; _module_preset=&#8220;default&#8220; global_colors_info=&#8220;{}&#8220;][et_pb_cta button_url=&#8220;@ET-DC@eyJkeW5hbWljIjp0cnVlLCJjb250ZW50IjoicG9zdF9saW5rX3VybF9wYWdlIiwic2V0dGluZ3MiOnsicG9zdF9pZCI6IjQ0MSJ9fQ==@&#8220; button_text=&#8220;En savoir +&#8220; _builder_version=&#8220;4.16&#8243; _dynamic_attributes=&#8220;button_url&#8220; _module_preset=&#8220;default&#8220; global_colors_info=&#8220;{}&#8220;]<\/p>\n<p style=\"text-align: center;\"><img loading=\"lazy\" decoding=\"async\" src=\"https:\/\/vinsheckmann.com\/index-wp\/wp-content\/uploads\/2020\/09\/Pinot-Gris-Selection-de-Grains-Nobles-2009-300x300.jpg\" width=\"300\" height=\"300\" alt=\"Bouteille Pinot Gris S\u00e9lection de Grains Nobles 2009\" class=\"wp-image-932 alignnone size-medium\" \/><\/p>\n<h2 style=\"text-align: center;\"><span>PINOT GRIS S\u00c9LECTION DE GRAINS NOBLES 2009<\/span><\/h2>\n<p>[\/et_pb_cta][\/et_pb_column][et_pb_column type=&#8220;1_4&#8243; _builder_version=&#8220;4.16&#8243; _module_preset=&#8220;default&#8220; global_colors_info=&#8220;{}&#8220;][et_pb_cta button_url=&#8220;@ET-DC@eyJkeW5hbWljIjp0cnVlLCJjb250ZW50IjoicG9zdF9saW5rX3VybF9wYWdlIiwic2V0dGluZ3MiOnsicG9zdF9pZCI6IjQzMSJ9fQ==@&#8220; button_text=&#8220;En savoir +&#8220; _builder_version=&#8220;4.16&#8243; _dynamic_attributes=&#8220;button_url&#8220; _module_preset=&#8220;default&#8220; global_colors_info=&#8220;{}&#8220;]<\/p>\n<p style=\"text-align: center;\"><img loading=\"lazy\" decoding=\"async\" src=\"https:\/\/vinsheckmann.com\/index-wp\/wp-content\/uploads\/2020\/09\/Pinot-Gris-Vendanges-Tardives-2009-300x300.jpg\" width=\"300\" height=\"300\" alt=\"Bouteille Pinot Gris Vendanges Tardives 2009\" class=\"wp-image-935 alignnone size-medium\" \/><\/p>\n<h2 style=\"text-align: center;\">PINOT GRIS VENDANGES TARDIVES 2015<\/h2>\n<p>[\/et_pb_cta][\/et_pb_column][et_pb_column type=&#8220;1_4&#8243; _builder_version=&#8220;4.16&#8243; _module_preset=&#8220;default&#8220; global_colors_info=&#8220;{}&#8220;][\/et_pb_column][\/et_pb_row][et_pb_row column_structure=&#8220;1_4,1_4,1_4,1_4&#8243; _builder_version=&#8220;4.16&#8243; _module_preset=&#8220;default&#8220; global_colors_info=&#8220;{}&#8220;][et_pb_column type=&#8220;1_4&#8243; _builder_version=&#8220;4.16&#8243; _module_preset=&#8220;default&#8220; global_colors_info=&#8220;{}&#8220;][\/et_pb_column][et_pb_column type=&#8220;1_4&#8243; _builder_version=&#8220;4.16&#8243; _module_preset=&#8220;default&#8220; global_colors_info=&#8220;{}&#8220;][et_pb_cta button_url=&#8220;@ET-DC@eyJkeW5hbWljIjp0cnVlLCJjb250ZW50IjoicG9zdF9saW5rX3VybF9wYWdlIiwic2V0dGluZ3MiOnsicG9zdF9pZCI6IjQzNyJ9fQ==@&#8220; button_text=&#8220;En savoir +&#8220; _builder_version=&#8220;4.16&#8243; _dynamic_attributes=&#8220;button_url&#8220; _module_preset=&#8220;default&#8220; global_colors_info=&#8220;{}&#8220;]<\/p>\n<p style=\"text-align: center;\"><img loading=\"lazy\" decoding=\"async\" src=\"https:\/\/vinsheckmann.com\/index-wp\/wp-content\/uploads\/2020\/09\/Gewurztraminer-Selection-de-Grains-Nobles-2009-300x300.jpg\" width=\"300\" height=\"300\" alt=\"Bouteille Gewurztraminer S\u00e9lection de Grains Nobles 2009\" class=\"wp-image-959 alignnone size-medium\" \/><\/p>\n<h2 style=\"text-align: center;\">GEWURZTRAMINER S\u00c9LECTION DE GRAINS NOBLES 2009<\/h2>\n<p>[\/et_pb_cta][\/et_pb_column][et_pb_column type=&#8220;1_4&#8243; _builder_version=&#8220;4.16&#8243; _module_preset=&#8220;default&#8220; global_colors_info=&#8220;{}&#8220;][et_pb_cta button_url=&#8220;@ET-DC@eyJkeW5hbWljIjp0cnVlLCJjb250ZW50IjoicG9zdF9saW5rX3VybF9wYWdlIiwic2V0dGluZ3MiOnsicG9zdF9pZCI6IjQ0NiJ9fQ==@&#8220; button_text=&#8220;En savoir +&#8220; _builder_version=&#8220;4.16&#8243; _dynamic_attributes=&#8220;button_url&#8220; _module_preset=&#8220;default&#8220; global_colors_info=&#8220;{}&#8220;]<\/p>\n<p style=\"text-align: center;\"><img loading=\"lazy\" decoding=\"async\" src=\"https:\/\/vinsheckmann.com\/index-wp\/wp-content\/uploads\/2020\/09\/Gewurztraminer-Vendanges-Tardives-2012-300x300.jpg\" width=\"300\" height=\"300\" alt=\"Bouteille Gewurztraminer Vendanges Tardives 2012\" class=\"wp-image-962 alignnone size-medium\" \/><\/p>\n<h2 style=\"text-align: center;\"><span>GEWURZTRAMINER VENDANGES TARDIVES 2015<\/span><\/h2>\n<p>[\/et_pb_cta][\/et_pb_column][et_pb_column type=&#8220;1_4&#8243; _builder_version=&#8220;4.16&#8243; _module_preset=&#8220;default&#8220; global_colors_info=&#8220;{}&#8220;][\/et_pb_column][\/et_pb_row][et_pb_row column_structure=&#8220;1_4,1_4,1_4,1_4&#8243; _builder_version=&#8220;4.16&#8243; _module_preset=&#8220;default&#8220; global_colors_info=&#8220;{}&#8220;][et_pb_column type=&#8220;1_4&#8243; _builder_version=&#8220;4.16&#8243; _module_preset=&#8220;default&#8220; global_colors_info=&#8220;{}&#8220;][\/et_pb_column][et_pb_column type=&#8220;1_4&#8243; _builder_version=&#8220;4.16&#8243; _module_preset=&#8220;default&#8220; global_colors_info=&#8220;{}&#8220;][et_pb_cta button_url=&#8220;@ET-DC@eyJkeW5hbWljIjp0cnVlLCJjb250ZW50IjoicG9zdF9saW5rX3VybF9wYWdlIiwic2V0dGluZ3MiOnsicG9zdF9pZCI6IjQyNSJ9fQ==@&#8220; button_text=&#8220;En savoir +&#8220; _builder_version=&#8220;4.16&#8243; _dynamic_attributes=&#8220;button_url&#8220; _module_preset=&#8220;default&#8220; global_colors_info=&#8220;{}&#8220;]<\/p>\n<p style=\"text-align: center;\"><img loading=\"lazy\" decoding=\"async\" src=\"https:\/\/vinsheckmann.com\/index-wp\/wp-content\/uploads\/2020\/09\/Riesling-Vendanges-Tardives-2007-300x300.jpg\" width=\"300\" height=\"300\" alt=\"Bouteille Riesling Vendanges Tardives 2007\" class=\"wp-image-989 alignnone size-medium\" \/><\/p>\n<h2 style=\"text-align: center;\">RIESLING VENDANGES TARDIVES 2011<\/h2>\n<p>[\/et_pb_cta][\/et_pb_column][et_pb_column type=&#8220;1_4&#8243; _builder_version=&#8220;4.16&#8243; _module_preset=&#8220;default&#8220; global_colors_info=&#8220;{}&#8220;][\/et_pb_column][et_pb_column type=&#8220;1_4&#8243; _builder_version=&#8220;4.16&#8243; _module_preset=&#8220;default&#8220; global_colors_info=&#8220;{}&#8220;][\/et_pb_column][\/et_pb_row][\/et_pb_section]<\/p>\n","protected":false},"excerpt":{"rendered":"<p>AOC Vendanges Tardives et S\u00e9lection de Grains Nobles PINOT GRIS S\u00c9LECTION DE GRAINS NOBLES 2009 PINOT GRIS VENDANGES TARDIVES 2015 GEWURZTRAMINER S\u00c9LECTION DE GRAINS NOBLES 2009 GEWURZTRAMINER VENDANGES TARDIVES 2015 RIESLING VENDANGES TARDIVES 2011<\/p>\n","protected":false},"author":1,"featured_media":0,"parent":0,"menu_order":0,"comment_status":"closed","ping_status":"closed","template":"","meta":{"_et_pb_use_builder":"on","_et_pb_old_content":"","_et_gb_content_width":"","footnotes":""},"class_list":["post-642","page","type-page","status-publish","hentry"],"_links":{"self":[{"href":"https:\/\/vinsheckmann.com\/de\/wp-json\/wp\/v2\/pages\/642","targetHints":{"allow":["GET"]}}],"collection":[{"href":"https:\/\/vinsheckmann.com\/de\/wp-json\/wp\/v2\/pages"}],"about":[{"href":"https:\/\/vinsheckmann.com\/de\/wp-json\/wp\/v2\/types\/page"}],"author":[{"embeddable":true,"href":"https:\/\/vinsheckmann.com\/de\/wp-json\/wp\/v2\/users\/1"}],"replies":[{"embeddable":true,"href":"https:\/\/vinsheckmann.com\/de\/wp-json\/wp\/v2\/comments?post=642"}],"version-history":[{"count":7,"href":"https:\/\/vinsheckmann.com\/de\/wp-json\/wp\/v2\/pages\/642\/revisions"}],"predecessor-version":[{"id":1968,"href":"https:\/\/vinsheckmann.com\/de\/wp-json\/wp\/v2\/pages\/642\/revisions\/1968"}],"wp:attachment":[{"href":"https:\/\/vinsheckmann.com\/de\/wp-json\/wp\/v2\/media?parent=642"}],"curies":[{"name":"wp","href":"https:\/\/api.w.org\/{rel}","templated":true}]}}