{"id":617,"date":"2020-08-12T21:29:25","date_gmt":"2020-08-12T19:29:25","guid":{"rendered":"https:\/\/vinsheckmann.com\/index-wp\/aoc-cremant-dalsace\/"},"modified":"2021-04-29T12:12:41","modified_gmt":"2021-04-29T10:12:41","slug":"aoc-cremant-dalsace","status":"publish","type":"page","link":"https:\/\/vinsheckmann.com\/de\/aoc-cremant-dalsace\/","title":{"rendered":"AOC Cr\u00e9mant d\u2019Alsace"},"content":{"rendered":"<p>[et_pb_section fb_built=&#8220;1&#8243; _builder_version=&#8220;4.5.6&#8243; _module_preset=&#8220;default&#8220;][et_pb_row _builder_version=&#8220;4.5.6&#8243; _module_preset=&#8220;default&#8220;][et_pb_column type=&#8220;4_4&#8243; _builder_version=&#8220;4.5.6&#8243; _module_preset=&#8220;default&#8220;][et_pb_text _builder_version=&#8220;4.5.6&#8243; _module_preset=&#8220;default&#8220;]<\/p>\n<h1 style=\"text-align: center;\">Vigneron r\u00e9coltant de Cr\u00e9mant d&#8216; Alsace<\/h1>\n<p>[\/et_pb_text][et_pb_text _builder_version=&#8220;4.5.6&#8243; _module_preset=&#8220;default&#8220;]<\/p>\n<p style=\"text-align: center;\">Vin effervescent, \u00e9labor\u00e9 selon la m\u00e9thode traditionnelle.<br \/> El\u00e9gant et d\u00e9licatement fruit\u00e9, ses fines bulles sont synonymes de f\u00eate et de convivialit\u00e9.<\/p>\n<p>[\/et_pb_text][et_pb_button button_url=&#8220;https:\/\/vinsheckmann.com\/boutique\/&#8220; url_new_window=&#8220;on&#8220; button_text=&#8220;Commander&#8220; _builder_version=&#8220;4.9.4&#8243; _module_preset=&#8220;default&#8220; button_text_color=&#8220;#ffffff&#8220; button_bg_color=&#8220;#ab8602&#8243; button_border_radius=&#8220;10px&#8220; button_icon=&#8220;%%32%%&#8220; button_icon_color=&#8220;#ffffff&#8220; global_module=&#8220;108&#8243; saved_tabs=&#8220;all&#8220;][\/et_pb_button][\/et_pb_column][\/et_pb_row][et_pb_row column_structure=&#8220;1_4,1_4,1_4,1_4&#8243; _builder_version=&#8220;4.5.6&#8243; _module_preset=&#8220;default&#8220;][et_pb_column type=&#8220;1_4&#8243; _builder_version=&#8220;4.5.6&#8243; _module_preset=&#8220;default&#8220;][\/et_pb_column][et_pb_column type=&#8220;1_4&#8243; _builder_version=&#8220;4.5.6&#8243; _module_preset=&#8220;default&#8220;][et_pb_cta button_url=&#8220;@ET-DC@eyJkeW5hbWljIjp0cnVlLCJjb250ZW50IjoicG9zdF9saW5rX3VybF9wYWdlIiwic2V0dGluZ3MiOnsicG9zdF9pZCI6IjQwOSJ9fQ==@&#8220; button_text=&#8220;En savoir +&#8220; _builder_version=&#8220;4.6.5&#8243; _dynamic_attributes=&#8220;button_url&#8220; _module_preset=&#8220;default&#8220;]<\/p>\n<p style=\"text-align: center;\"><img loading=\"lazy\" decoding=\"async\" src=\"https:\/\/vinsheckmann.com\/index-wp\/wp-content\/uploads\/2020\/09\/Cremant-dAlsace-Brut-300x300.jpg\" width=\"300\" height=\"300\" alt=\"Bouteille Cr\u00e9mant d'Alsace Brut\" class=\"wp-image-947 alignnone size-medium\" \/><\/p>\n<h2 style=\"text-align: center;\">CR\u00c9MANT D&#8217;ALSACE BLANC<\/h2>\n<p>[\/et_pb_cta][\/et_pb_column][et_pb_column type=&#8220;1_4&#8243; _builder_version=&#8220;4.5.6&#8243; _module_preset=&#8220;default&#8220;][et_pb_cta button_url=&#8220;@ET-DC@eyJkeW5hbWljIjp0cnVlLCJjb250ZW50IjoicG9zdF9saW5rX3VybF9wYWdlIiwic2V0dGluZ3MiOnsicG9zdF9pZCI6IjQxMCJ9fQ==@&#8220; button_text=&#8220;En savoir +&#8220; _builder_version=&#8220;4.6.5&#8243; _dynamic_attributes=&#8220;button_url&#8220; _module_preset=&#8220;default&#8220;]<\/p>\n<p style=\"text-align: center;\"><img loading=\"lazy\" decoding=\"async\" src=\"https:\/\/vinsheckmann.com\/index-wp\/wp-content\/uploads\/2020\/09\/Cremant-dAlsace-Brut-Blanc-300x300.jpg\" alt=\"Bouteille Cr\u00e9mant d'Alsace Brut Blanc\" class=\"wp-image-944 alignnone size-medium\" width=\"300\" height=\"300\" \/><\/p>\n<h2 style=\"text-align: center;\">CR\u00c9MANT D&#8217;ALSACE ROS\u00c9<\/h2>\n<p>[\/et_pb_cta][\/et_pb_column][et_pb_column type=&#8220;1_4&#8243; _builder_version=&#8220;4.5.6&#8243; _module_preset=&#8220;default&#8220;][\/et_pb_column][\/et_pb_row][\/et_pb_section]<\/p>\n","protected":false},"excerpt":{"rendered":"<p>Vigneron r\u00e9coltant de Cr\u00e9mant d&#8216; AlsaceVin effervescent, \u00e9labor\u00e9 selon la m\u00e9thode traditionnelle. El\u00e9gant et d\u00e9licatement fruit\u00e9, ses fines bulles sont synonymes de f\u00eate et de convivialit\u00e9. CR\u00c9MANT D&#8217;ALSACE BLANC CR\u00c9MANT D&#8217;ALSACE ROS\u00c9<\/p>\n","protected":false},"author":1,"featured_media":0,"parent":0,"menu_order":0,"comment_status":"closed","ping_status":"closed","template":"","meta":{"_et_pb_use_builder":"on","_et_pb_old_content":"","_et_gb_content_width":"","footnotes":""},"class_list":["post-617","page","type-page","status-publish","hentry"],"_links":{"self":[{"href":"https:\/\/vinsheckmann.com\/de\/wp-json\/wp\/v2\/pages\/617","targetHints":{"allow":["GET"]}}],"collection":[{"href":"https:\/\/vinsheckmann.com\/de\/wp-json\/wp\/v2\/pages"}],"about":[{"href":"https:\/\/vinsheckmann.com\/de\/wp-json\/wp\/v2\/types\/page"}],"author":[{"embeddable":true,"href":"https:\/\/vinsheckmann.com\/de\/wp-json\/wp\/v2\/users\/1"}],"replies":[{"embeddable":true,"href":"https:\/\/vinsheckmann.com\/de\/wp-json\/wp\/v2\/comments?post=617"}],"version-history":[{"count":5,"href":"https:\/\/vinsheckmann.com\/de\/wp-json\/wp\/v2\/pages\/617\/revisions"}],"predecessor-version":[{"id":1483,"href":"https:\/\/vinsheckmann.com\/de\/wp-json\/wp\/v2\/pages\/617\/revisions\/1483"}],"wp:attachment":[{"href":"https:\/\/vinsheckmann.com\/de\/wp-json\/wp\/v2\/media?parent=617"}],"curies":[{"name":"wp","href":"https:\/\/api.w.org\/{rel}","templated":true}]}}