{"id":610,"date":"2020-08-12T21:19:39","date_gmt":"2020-08-12T19:19:39","guid":{"rendered":"https:\/\/vinsheckmann.com\/index-wp\/aoc-alsace\/"},"modified":"2022-07-01T16:11:00","modified_gmt":"2022-07-01T14:11:00","slug":"aoc-alsace","status":"publish","type":"page","link":"https:\/\/vinsheckmann.com\/de\/aoc-alsace\/","title":{"rendered":"AOC Alsace"},"content":{"rendered":"<p>[et_pb_section fb_built=&#8220;1&#8243; _builder_version=&#8220;4.16&#8243; _module_preset=&#8220;default&#8220; global_colors_info=&#8220;{}&#8220;][et_pb_row _builder_version=&#8220;4.16&#8243; _module_preset=&#8220;default&#8220; global_colors_info=&#8220;{}&#8220;][et_pb_column type=&#8220;4_4&#8243; _builder_version=&#8220;4.16&#8243; _module_preset=&#8220;default&#8220; global_colors_info=&#8220;{}&#8220;][et_pb_text _builder_version=&#8220;4.16&#8243; _module_preset=&#8220;default&#8220; global_colors_info=&#8220;{}&#8220;]<\/p>\n<h1 style=\"text-align: center;\">Producteur de vins AOC Alsace<\/h1>\n<p style=\"text-align: center;\">[\/et_pb_text][\/et_pb_column][\/et_pb_row][et_pb_row column_structure=&#8220;1_4,1_4,1_4,1_4&#8243; _builder_version=&#8220;4.16&#8243; _module_preset=&#8220;default&#8220; global_colors_info=&#8220;{}&#8220;][et_pb_column type=&#8220;1_4&#8243; _builder_version=&#8220;4.16&#8243; _module_preset=&#8220;default&#8220; global_colors_info=&#8220;{}&#8220;][et_pb_text _builder_version=&#8220;4.16&#8243; _module_preset=&#8220;default&#8220; global_colors_info=&#8220;{}&#8220;]<\/p>\n<h2 style=\"text-align: center;\">Sylvaner<\/h2>\n<p style=\"text-align: center;\">L\u00e9ger et discr\u00e8tement fruit\u00e9, sa saveur fra\u00eeche et d\u00e9salt\u00e9rante se marie parfaitement avec les fruits de mer, les poissons et la charcuterie.<\/p>\n<p>[\/et_pb_text][\/et_pb_column][et_pb_column type=&#8220;1_4&#8243; _builder_version=&#8220;4.16&#8243; _module_preset=&#8220;default&#8220; global_colors_info=&#8220;{}&#8220;][et_pb_text _builder_version=&#8220;4.16&#8243; _module_preset=&#8220;default&#8220; global_colors_info=&#8220;{}&#8220;]<\/p>\n<h2 style=\"text-align: center;\">Riesling<\/h2>\n<p style=\"text-align: center;\">Sec, rac\u00e9, fruit\u00e9 exquis d&#8217;une grande finesse aux nuances florales ou min\u00e9rales. Ce vin accompagne bien les poissons,les crustac\u00e9s, les viandes blanches et la traditionnelle choucroute.<\/p>\n<p>[\/et_pb_text][\/et_pb_column][et_pb_column type=&#8220;1_4&#8243; _builder_version=&#8220;4.16&#8243; _module_preset=&#8220;default&#8220; global_colors_info=&#8220;{}&#8220;][et_pb_text _builder_version=&#8220;4.16&#8243; _module_preset=&#8220;default&#8220; global_colors_info=&#8220;{}&#8220;]<\/p>\n<h2 style=\"text-align: center;\">Muscat<\/h2>\n<p style=\"text-align: center;\">Sec avec un fin bouquet aux ar\u00f4mes de raisin frais, c&#8217;est un excellent vin d&#8217;ap\u00e9ritif ou de r\u00e9ception. Il vous surprendra \u00e9galement avec les asperges.<\/p>\n<p>[\/et_pb_text][\/et_pb_column][et_pb_column type=&#8220;1_4&#8243; _builder_version=&#8220;4.16&#8243; _module_preset=&#8220;default&#8220; global_colors_info=&#8220;{}&#8220;][et_pb_text _builder_version=&#8220;4.16&#8243; _module_preset=&#8220;default&#8220; global_colors_info=&#8220;{}&#8220;]<\/p>\n<h2 style=\"text-align: center;\">Pinot Blanc<\/h2>\n<p style=\"text-align: center;\">\u00c9quilibr\u00e9, souple, aux notes d\u00e9licates, il s&#8217;accorde avec la plupart des mets et les fromages doux.<\/p>\n<p style=\"text-align: center;\">[\/et_pb_text][\/et_pb_column][\/et_pb_row][et_pb_row column_structure=&#8220;1_3,1_3,1_3&#8243; _builder_version=&#8220;4.16&#8243; _module_preset=&#8220;default&#8220; max_width=&#8220;780px&#8220; global_colors_info=&#8220;{}&#8220;][et_pb_column type=&#8220;1_3&#8243; _builder_version=&#8220;4.16&#8243; _module_preset=&#8220;default&#8220; global_colors_info=&#8220;{}&#8220;][et_pb_text _builder_version=&#8220;4.16&#8243; _module_preset=&#8220;default&#8220; global_colors_info=&#8220;{}&#8220;]<\/p>\n<h2 style=\"text-align: center;\">Pinot Gris<\/h2>\n<p style=\"text-align: center;\">Puissant, rond, aux ar\u00f4mes complexes tr\u00e8s plaisants, parfois l\u00e9g\u00e8rement fum\u00e9s. A servir avec le foie gras, les poissons accommod\u00e9s, les viandes blanches\/ rouges ou pour l&#8217;ap\u00e9ritif.<\/p>\n<p style=\"text-align: center;\">[\/et_pb_text][\/et_pb_column][et_pb_column type=&#8220;1_3&#8243; _builder_version=&#8220;4.16&#8243; _module_preset=&#8220;default&#8220; global_colors_info=&#8220;{}&#8220;][et_pb_text _builder_version=&#8220;4.16&#8243; _module_preset=&#8220;default&#8220; global_colors_info=&#8220;{}&#8220;]<\/p>\n<h2 style=\"text-align: center;\">Gewurztraminer<\/h2>\n<p style=\"text-align: center;\">Cors\u00e9, bien charpent\u00e9, l\u00e9g\u00e8rement moelleux, aux \u00e9l\u00e9gantes notes de fleurs&#8230;.<\/p>\n<p style=\"text-align: center;\">[\/et_pb_text][\/et_pb_column][et_pb_column type=&#8220;1_3&#8243; _builder_version=&#8220;4.16&#8243; _module_preset=&#8220;default&#8220; global_colors_info=&#8220;{}&#8220;][et_pb_text _builder_version=&#8220;4.16&#8243; _module_preset=&#8220;default&#8220; global_colors_info=&#8220;{}&#8220;]<\/p>\n<h2 style=\"text-align: center;\">Pinot Noir<\/h2>\n<p style=\"text-align: center;\">L&#8217;unique c\u00e9page alsacien \u00e0 produire un vin rouge ou ros\u00e9, d\u00e9licieusement fruit\u00e9 qui d\u00e9voile toute sa typicit\u00e9 avec les charcuteries, viandes rouges, gibiers, fromages et la tarte flamb\u00e9e.<\/p>\n<p>[\/et_pb_text][\/et_pb_column][\/et_pb_row][et_pb_row _builder_version=&#8220;4.16&#8243; _module_preset=&#8220;default&#8220; global_colors_info=&#8220;{}&#8220;][et_pb_column type=&#8220;4_4&#8243; _builder_version=&#8220;4.16&#8243; _module_preset=&#8220;default&#8220; global_colors_info=&#8220;{}&#8220;][et_pb_button button_url=&#8220;https:\/\/vinsheckmann.com\/boutique\/&#8220; url_new_window=&#8220;on&#8220; button_text=&#8220;Commander&#8220; _builder_version=&#8220;4.13.0&#8243; _module_preset=&#8220;default&#8220; button_text_color=&#8220;#ffffff&#8220; button_bg_color=&#8220;#ab8602&#8243; button_border_radius=&#8220;10px&#8220; button_icon=&#8220;&#x41;||divi||400&#8243; button_icon_color=&#8220;#ffffff&#8220; global_module=&#8220;108&#8243; saved_tabs=&#8220;all&#8220; global_colors_info=&#8220;{}&#8220;][\/et_pb_button][\/et_pb_column][\/et_pb_row][et_pb_row column_structure=&#8220;1_4,1_4,1_4,1_4&#8243; _builder_version=&#8220;4.16&#8243; _module_preset=&#8220;default&#8220; global_colors_info=&#8220;{}&#8220;][et_pb_column type=&#8220;1_4&#8243; _builder_version=&#8220;4.16&#8243; _module_preset=&#8220;default&#8220; global_colors_info=&#8220;{}&#8220;][et_pb_cta button_url=&#8220;@ET-DC@eyJkeW5hbWljIjp0cnVlLCJjb250ZW50IjoicG9zdF9saW5rX3VybF9wYWdlIiwic2V0dGluZ3MiOnsicG9zdF9pZCI6IjQ1NSJ9fQ==@&#8220; button_text=&#8220;En savoir +&#8220; _builder_version=&#8220;4.17.1&#8243; _dynamic_attributes=&#8220;button_url&#8220; _module_preset=&#8220;default&#8220; hover_enabled=&#8220;0&#8243; global_colors_info=&#8220;{}&#8220; sticky_enabled=&#8220;0&#8243;]<\/p>\n<p style=\"text-align: center;\"><img loading=\"lazy\" decoding=\"async\" src=\"https:\/\/vinsheckmann.com\/index-wp\/wp-content\/uploads\/2020\/09\/Auxerrois-2013-300x300.jpg\" alt=\"Bouteille Auxerrois 2013\" class=\"wp-image-941 alignnone size-medium\" width=\"300\" height=\"300\" \/><\/p>\n<h2 style=\"text-align: center;\">AUXERROIS 2019<\/h2>\n<p>[\/et_pb_cta][\/et_pb_column][et_pb_column type=&#8220;1_4&#8243; _builder_version=&#8220;4.16&#8243; _module_preset=&#8220;default&#8220; global_colors_info=&#8220;{}&#8220;][et_pb_cta button_url=&#8220;@ET-DC@eyJkeW5hbWljIjp0cnVlLCJjb250ZW50IjoicG9zdF9saW5rX3VybF9wYWdlIiwic2V0dGluZ3MiOnsicG9zdF9pZCI6IjQ1OSJ9fQ==@&#8220; button_text=&#8220;En savoir +&#8220; _builder_version=&#8220;4.17.1&#8243; _dynamic_attributes=&#8220;button_url&#8220; _module_preset=&#8220;default&#8220; hover_enabled=&#8220;0&#8243; global_colors_info=&#8220;{}&#8220; sticky_enabled=&#8220;0&#8243;]<\/p>\n<p style=\"text-align: center;\"><img loading=\"lazy\" decoding=\"async\" src=\"https:\/\/vinsheckmann.com\/index-wp\/wp-content\/uploads\/2020\/09\/Muscat-2014-300x300.jpg\" alt=\"Bouteille Muscat 2014\" class=\"wp-image-968 alignnone size-medium\" width=\"300\" height=\"300\" \/><\/p>\n<h2 style=\"text-align: center;\">MUSCAT 2019<\/h2>\n<p>[\/et_pb_cta][\/et_pb_column][et_pb_column type=&#8220;1_4&#8243; _builder_version=&#8220;4.16&#8243; _module_preset=&#8220;default&#8220; global_colors_info=&#8220;{}&#8220;][et_pb_cta button_url=&#8220;@ET-DC@eyJkeW5hbWljIjp0cnVlLCJjb250ZW50IjoicG9zdF9saW5rX3VybF9wYWdlIiwic2V0dGluZ3MiOnsicG9zdF9pZCI6IjQ2NCJ9fQ==@&#8220; button_text=&#8220;En savoir +&#8220; _builder_version=&#8220;4.17.1&#8243; _dynamic_attributes=&#8220;button_url&#8220; _module_preset=&#8220;default&#8220; hover_enabled=&#8220;0&#8243; global_colors_info=&#8220;{}&#8220; sticky_enabled=&#8220;0&#8243;]<\/p>\n<p style=\"text-align: center;\"><img loading=\"lazy\" decoding=\"async\" src=\"https:\/\/vinsheckmann.com\/index-wp\/wp-content\/uploads\/2020\/09\/Riesling-2011-300x300.jpg\" alt=\"Bouteille Riesling 2011\" class=\"wp-image-977 alignnone size-medium\" width=\"300\" height=\"300\" \/><\/p>\n<h2 style=\"text-align: center;\">RIESLING FINKENBERG 2019<\/h2>\n<p>[\/et_pb_cta][\/et_pb_column][et_pb_column type=&#8220;1_4&#8243; _builder_version=&#8220;4.16&#8243; _module_preset=&#8220;default&#8220; global_colors_info=&#8220;{}&#8220;][et_pb_cta button_url=&#8220;@ET-DC@eyJkeW5hbWljIjp0cnVlLCJjb250ZW50IjoicG9zdF9saW5rX3VybF9wYWdlIiwic2V0dGluZ3MiOnsicG9zdF9pZCI6IjQ2OCJ9fQ==@&#8220; button_text=&#8220;En savoir +&#8220; _builder_version=&#8220;4.16&#8243; _dynamic_attributes=&#8220;button_url&#8220; _module_preset=&#8220;default&#8220; global_colors_info=&#8220;{}&#8220;]<\/p>\n<p style=\"text-align: center;\"><img loading=\"lazy\" decoding=\"async\" src=\"https:\/\/vinsheckmann.com\/index-wp\/wp-content\/uploads\/2020\/09\/Riesling-Vieilles-Vignes-2009-300x300.jpg\" alt=\"Bouteille Riesling Vieilles Vignes 2009\" class=\"wp-image-926 alignnone size-medium\" width=\"300\" height=\"300\" \/><\/p>\n<h2 style=\"text-align: center;\">RIESLING VIEILLES VIGNES 2017<\/h2>\n<p>[\/et_pb_cta][\/et_pb_column][\/et_pb_row][et_pb_row column_structure=&#8220;1_4,1_4,1_4,1_4&#8243; use_custom_gutter=&#8220;on&#8220; _builder_version=&#8220;4.16&#8243; _module_preset=&#8220;default&#8220; global_colors_info=&#8220;{}&#8220;][et_pb_column type=&#8220;1_4&#8243; _builder_version=&#8220;4.16&#8243; _module_preset=&#8220;default&#8220; global_colors_info=&#8220;{}&#8220;][et_pb_cta button_url=&#8220;@ET-DC@eyJkeW5hbWljIjp0cnVlLCJjb250ZW50IjoicG9zdF9saW5rX3VybF9wYWdlIiwic2V0dGluZ3MiOnsicG9zdF9pZCI6IjQ3MiJ9fQ==@&#8220; button_text=&#8220;En savoir +&#8220; _builder_version=&#8220;4.17.1&#8243; _dynamic_attributes=&#8220;button_url&#8220; _module_preset=&#8220;default&#8220; hover_enabled=&#8220;0&#8243; global_colors_info=&#8220;{}&#8220; sticky_enabled=&#8220;0&#8243;]<\/p>\n<p style=\"text-align: center;\"><img loading=\"lazy\" decoding=\"async\" src=\"https:\/\/vinsheckmann.com\/index-wp\/wp-content\/uploads\/2020\/09\/Pinot-Gris-2013-300x300.jpg\" alt=\"Bouteille Pinot Gris 2013\" class=\"wp-image-929 alignnone size-medium\" width=\"300\" height=\"300\" \/><\/p>\n<h2 style=\"text-align: center;\">PINOT GRIS 2019<\/h2>\n<p>[\/et_pb_cta][\/et_pb_column][et_pb_column type=&#8220;1_4&#8243; _builder_version=&#8220;4.16&#8243; _module_preset=&#8220;default&#8220; global_colors_info=&#8220;{}&#8220;][et_pb_cta button_url=&#8220;@ET-DC@eyJkeW5hbWljIjp0cnVlLCJjb250ZW50IjoicG9zdF9saW5rX3VybF9wYWdlIiwic2V0dGluZ3MiOnsicG9zdF9pZCI6IjQ3OSJ9fQ==@&#8220; button_text=&#8220;En savoir +&#8220; _builder_version=&#8220;4.17.1&#8243; _dynamic_attributes=&#8220;button_url&#8220; _module_preset=&#8220;default&#8220; hover_enabled=&#8220;0&#8243; global_colors_info=&#8220;{}&#8220; sticky_enabled=&#8220;0&#8243;]<\/p>\n<p style=\"text-align: center;\"><img loading=\"lazy\" decoding=\"async\" src=\"https:\/\/vinsheckmann.com\/index-wp\/wp-content\/uploads\/2020\/09\/Pinot-Gris-Vieilles-Vignes-2012-300x300.jpg\" alt=\"Bouteille Pinot Gris Vieilles Vignes 2012\" class=\"wp-image-938 alignnone size-medium\" width=\"300\" height=\"300\" \/><\/p>\n<h2 style=\"text-align: center;\">PINOT GRIS VIEILLES VIGNES 2020<\/h2>\n<p>[\/et_pb_cta][\/et_pb_column][et_pb_column type=&#8220;1_4&#8243; _builder_version=&#8220;4.16&#8243; _module_preset=&#8220;default&#8220; global_colors_info=&#8220;{}&#8220;][et_pb_cta button_url=&#8220;@ET-DC@eyJkeW5hbWljIjp0cnVlLCJjb250ZW50IjoicG9zdF9saW5rX3VybF9wYWdlIiwic2V0dGluZ3MiOnsicG9zdF9pZCI6IjQ4MyJ9fQ==@&#8220; button_text=&#8220;En savoir +&#8220; _builder_version=&#8220;4.17.1&#8243; _dynamic_attributes=&#8220;button_url&#8220; _module_preset=&#8220;default&#8220; hover_enabled=&#8220;0&#8243; global_colors_info=&#8220;{}&#8220; sticky_enabled=&#8220;0&#8243;]<\/p>\n<p style=\"text-align: center;\"><img loading=\"lazy\" decoding=\"async\" src=\"https:\/\/vinsheckmann.com\/index-wp\/wp-content\/uploads\/2020\/09\/Gewurztraminer-2013-300x300.jpg\" alt=\"Bouteille Gewurztraminer 2013\" class=\"wp-image-953 alignnone size-medium\" width=\"300\" height=\"300\" \/><\/p>\n<h2 style=\"text-align: center;\">GEWURZTRAMINER 2019<\/h2>\n<p>[\/et_pb_cta][\/et_pb_column][et_pb_column type=&#8220;1_4&#8243; _builder_version=&#8220;4.16&#8243; _module_preset=&#8220;default&#8220; global_colors_info=&#8220;{}&#8220;][et_pb_cta button_url=&#8220;@ET-DC@eyJkeW5hbWljIjp0cnVlLCJjb250ZW50IjoicG9zdF9saW5rX3VybF9wYWdlIiwic2V0dGluZ3MiOnsicG9zdF9pZCI6IjQ4OCJ9fQ==@&#8220; button_text=&#8220;En savoir +&#8220; _builder_version=&#8220;4.17.1&#8243; _dynamic_attributes=&#8220;button_url&#8220; _module_preset=&#8220;default&#8220; hover_enabled=&#8220;0&#8243; global_colors_info=&#8220;{}&#8220; sticky_enabled=&#8220;0&#8243;]<\/p>\n<p style=\"text-align: center;\"><img loading=\"lazy\" decoding=\"async\" src=\"https:\/\/vinsheckmann.com\/index-wp\/wp-content\/uploads\/2020\/09\/Cuvee-dete-2014-300x300.jpg\" alt=\"Bouteille Pinot Noir Cuv\u00e9e d'\u00e9t\u00e9 2014\" class=\"wp-image-950 alignnone size-medium\" width=\"300\" height=\"300\" \/><\/p>\n<h2 style=\"text-align: center;\">PINOT NOIR CUV\u00c9E D\u2019\u00c9T\u00c9 2021<\/h2>\n<p>[\/et_pb_cta][\/et_pb_column][\/et_pb_row][et_pb_row column_structure=&#8220;1_4,1_4,1_4,1_4&#8243; use_custom_gutter=&#8220;on&#8220; _builder_version=&#8220;4.16&#8243; _module_preset=&#8220;default&#8220; global_colors_info=&#8220;{}&#8220;][et_pb_column type=&#8220;1_4&#8243; _builder_version=&#8220;4.16&#8243; _module_preset=&#8220;default&#8220; global_colors_info=&#8220;{}&#8220;][et_pb_cta button_url=&#8220;@ET-DC@eyJkeW5hbWljIjp0cnVlLCJjb250ZW50IjoicG9zdF9saW5rX3VybF9wYWdlIiwic2V0dGluZ3MiOnsicG9zdF9pZCI6IjQ5MiJ9fQ==@&#8220; button_text=&#8220;En savoir +&#8220; _builder_version=&#8220;4.17.1&#8243; _dynamic_attributes=&#8220;button_url&#8220; _module_preset=&#8220;default&#8220; hover_enabled=&#8220;0&#8243; global_colors_info=&#8220;{}&#8220; sticky_enabled=&#8220;0&#8243;]<\/p>\n<p style=\"text-align: center;\"><img loading=\"lazy\" decoding=\"async\" src=\"https:\/\/vinsheckmann.com\/index-wp\/wp-content\/uploads\/2020\/09\/Pinot-Noir-2013-300x300.jpg\" alt=\"Bouteille Pinot Noir 2013\" class=\"wp-image-971 alignnone size-medium\" width=\"300\" height=\"300\" \/><\/p>\n<h2 style=\"text-align: center;\">PINOT NOIR 2020<\/h2>\n<p>[\/et_pb_cta][\/et_pb_column][et_pb_column type=&#8220;1_4&#8243; _builder_version=&#8220;4.16&#8243; _module_preset=&#8220;default&#8220; global_colors_info=&#8220;{}&#8220;][et_pb_cta button_url=&#8220;@ET-DC@eyJkeW5hbWljIjp0cnVlLCJjb250ZW50IjoicG9zdF9saW5rX3VybF9wYWdlIiwic2V0dGluZ3MiOnsicG9zdF9pZCI6IjQ5OCJ9fQ==@&#8220; button_text=&#8220;En savoir +&#8220; _builder_version=&#8220;4.16&#8243; _dynamic_attributes=&#8220;button_url&#8220; _module_preset=&#8220;default&#8220; global_colors_info=&#8220;{}&#8220;]<\/p>\n<p style=\"text-align: center;\"><img loading=\"lazy\" decoding=\"async\" src=\"https:\/\/vinsheckmann.com\/index-wp\/wp-content\/uploads\/2020\/09\/Pinot-Noir-Reserve-2013-300x300.jpg\" alt=\"Bouteille Pinot Noir R\u00e9serve 2013\" class=\"wp-image-974 alignnone size-medium\" width=\"300\" height=\"300\" \/><\/p>\n<h2 style=\"text-align: center;\">PINOT NOIR R\u00c9SERVE 2016<\/h2>\n<p>[\/et_pb_cta][\/et_pb_column][et_pb_column type=&#8220;1_4&#8243; _builder_version=&#8220;4.16&#8243; _module_preset=&#8220;default&#8220; global_colors_info=&#8220;{}&#8220;][et_pb_cta button_url=&#8220;@ET-DC@eyJkeW5hbWljIjp0cnVlLCJjb250ZW50IjoicG9zdF9saW5rX3VybF9wYWdlIiwic2V0dGluZ3MiOnsicG9zdF9pZCI6IjUwMiJ9fQ==@&#8220; button_text=&#8220;En savoir +&#8220; _builder_version=&#8220;4.16&#8243; _dynamic_attributes=&#8220;button_url&#8220; _module_preset=&#8220;default&#8220; global_colors_info=&#8220;{}&#8220;]<\/p>\n<p style=\"text-align: center;\"><img loading=\"lazy\" decoding=\"async\" src=\"https:\/\/vinsheckmann.com\/index-wp\/wp-content\/uploads\/2020\/09\/Gewurztraminer-Vieilles-Vignes-2013-300x300.jpg\" alt=\"Bouteille Gewurztraminer Vieilles Vignes 2013\" class=\"wp-image-965 alignnone size-medium\" width=\"300\" height=\"300\" \/><\/p>\n<h2 style=\"text-align: center;\">GEWURZTRAMINER PERLE D&#8216; AUTOMNE 2017<\/h2>\n<p>[\/et_pb_cta][\/et_pb_column][et_pb_column type=&#8220;1_4&#8243; _builder_version=&#8220;4.16&#8243; _module_preset=&#8220;default&#8220; global_colors_info=&#8220;{}&#8220;][et_pb_cta button_url=&#8220;@ET-DC@eyJkeW5hbWljIjp0cnVlLCJjb250ZW50IjoicG9zdF9saW5rX3VybF9wYWdlIiwic2V0dGluZ3MiOnsicG9zdF9pZCI6IjUwNiJ9fQ==@&#8220; button_text=&#8220;En savoir +&#8220; _builder_version=&#8220;4.16&#8243; _dynamic_attributes=&#8220;button_url&#8220; _module_preset=&#8220;default&#8220; global_colors_info=&#8220;{}&#8220;]<\/p>\n<p style=\"text-align: center;\"><img loading=\"lazy\" decoding=\"async\" src=\"https:\/\/vinsheckmann.com\/index-wp\/wp-content\/uploads\/2020\/09\/Pinot-Gris-2013-300x300.jpg\" width=\"300\" height=\"300\" alt=\"Bouteille Pinot Gris 2013\" class=\"wp-image-929 alignnone size-medium\" \/><\/p>\n<h2 style=\"text-align: center;\">PINOT GRIS BARRIQUE 2013<\/h2>\n<p>[\/et_pb_cta][\/et_pb_column][\/et_pb_row][et_pb_row column_structure=&#8220;1_4,1_4,1_4,1_4&#8243; use_custom_gutter=&#8220;on&#8220; _builder_version=&#8220;4.16&#8243; _module_preset=&#8220;default&#8220; global_colors_info=&#8220;{}&#8220;][et_pb_column type=&#8220;1_4&#8243; _builder_version=&#8220;4.16&#8243; _module_preset=&#8220;default&#8220; global_colors_info=&#8220;{}&#8220;][\/et_pb_column][et_pb_column type=&#8220;1_4&#8243; _builder_version=&#8220;4.16&#8243; _module_preset=&#8220;default&#8220; global_colors_info=&#8220;{}&#8220;][et_pb_cta button_url=&#8220;@ET-DC@eyJkeW5hbWljIjp0cnVlLCJjb250ZW50IjoicG9zdF9saW5rX3VybF9wYWdlIiwic2V0dGluZ3MiOnsicG9zdF9pZCI6IjUxMCJ9fQ==@&#8220; button_text=&#8220;En savoir +&#8220; _builder_version=&#8220;4.17.1&#8243; _dynamic_attributes=&#8220;button_url&#8220; _module_preset=&#8220;default&#8220; hover_enabled=&#8220;0&#8243; global_colors_info=&#8220;{}&#8220; sticky_enabled=&#8220;0&#8243;]<\/p>\n<p style=\"text-align: center;\"><img loading=\"lazy\" decoding=\"async\" src=\"https:\/\/vinsheckmann.com\/index-wp\/wp-content\/uploads\/2020\/11\/Argentoratum-site-210x300.jpg\" alt=\"Etiquette Argentoatum\" class=\"wp-image-1157 alignnone size-medium\" width=\"142\" height=\"203\" \/><\/p>\n<h2 style=\"text-align: center;\">Argentoratum 2020<\/h2>\n<p>[\/et_pb_cta][\/et_pb_column][et_pb_column type=&#8220;1_4&#8243; _builder_version=&#8220;4.16&#8243; _module_preset=&#8220;default&#8220; global_colors_info=&#8220;{}&#8220;][et_pb_cta button_url=&#8220;@ET-DC@eyJkeW5hbWljIjp0cnVlLCJjb250ZW50IjoicG9zdF9saW5rX3VybF9wYWdlIiwic2V0dGluZ3MiOnsicG9zdF9pZCI6IjUxNiJ9fQ==@&#8220; button_text=&#8220;En savoir +&#8220; _builder_version=&#8220;4.16&#8243; _dynamic_attributes=&#8220;button_url&#8220; _module_preset=&#8220;default&#8220; global_colors_info=&#8220;{}&#8220;]<\/p>\n<p style=\"text-align: center;\"><img loading=\"lazy\" decoding=\"async\" src=\"https:\/\/vinsheckmann.com\/index-wp\/wp-content\/uploads\/2020\/09\/Pinot-Noir-Reserve-2013-300x300.jpg\" alt=\"Bouteille Pinot Noir R\u00e9serve 2013\" class=\"wp-image-974 alignnone size-medium\" width=\"300\" height=\"300\" \/><\/p>\n<h2 style=\"text-align: center;\">Pinot noir Rouge 2016<\/h2>\n<p>[\/et_pb_cta][\/et_pb_column][et_pb_column type=&#8220;1_4&#8243; _builder_version=&#8220;4.16&#8243; _module_preset=&#8220;default&#8220; global_colors_info=&#8220;{}&#8220;][\/et_pb_column][\/et_pb_row][\/et_pb_section]<\/p>\n","protected":false},"excerpt":{"rendered":"<p>Producteur de vins AOC Alsace Sylvaner L\u00e9ger et discr\u00e8tement fruit\u00e9, sa saveur fra\u00eeche et d\u00e9salt\u00e9rante se marie parfaitement avec les fruits de mer, les poissons et la charcuterie.Riesling Sec, rac\u00e9, fruit\u00e9 exquis d&#8217;une grande finesse aux nuances florales ou min\u00e9rales. Ce vin accompagne bien les poissons,les crustac\u00e9s, les viandes blanches et la traditionnelle choucroute.Muscat Sec [&hellip;]<\/p>\n","protected":false},"author":1,"featured_media":0,"parent":0,"menu_order":0,"comment_status":"closed","ping_status":"closed","template":"","meta":{"_et_pb_use_builder":"on","_et_pb_old_content":"","_et_gb_content_width":"","footnotes":""},"class_list":["post-610","page","type-page","status-publish","hentry"],"_links":{"self":[{"href":"https:\/\/vinsheckmann.com\/de\/wp-json\/wp\/v2\/pages\/610","targetHints":{"allow":["GET"]}}],"collection":[{"href":"https:\/\/vinsheckmann.com\/de\/wp-json\/wp\/v2\/pages"}],"about":[{"href":"https:\/\/vinsheckmann.com\/de\/wp-json\/wp\/v2\/types\/page"}],"author":[{"embeddable":true,"href":"https:\/\/vinsheckmann.com\/de\/wp-json\/wp\/v2\/users\/1"}],"replies":[{"embeddable":true,"href":"https:\/\/vinsheckmann.com\/de\/wp-json\/wp\/v2\/comments?post=610"}],"version-history":[{"count":10,"href":"https:\/\/vinsheckmann.com\/de\/wp-json\/wp\/v2\/pages\/610\/revisions"}],"predecessor-version":[{"id":1665,"href":"https:\/\/vinsheckmann.com\/de\/wp-json\/wp\/v2\/pages\/610\/revisions\/1665"}],"wp:attachment":[{"href":"https:\/\/vinsheckmann.com\/de\/wp-json\/wp\/v2\/media?parent=610"}],"curies":[{"name":"wp","href":"https:\/\/api.w.org\/{rel}","templated":true}]}}