{"id":596,"date":"2020-07-16T15:02:44","date_gmt":"2020-07-16T13:02:44","guid":{"rendered":"https:\/\/vinsheckmann.com\/index-wp\/cgv\/"},"modified":"2022-10-03T15:41:03","modified_gmt":"2022-10-03T13:41:03","slug":"cgv","status":"publish","type":"page","link":"https:\/\/vinsheckmann.com\/de\/cgv\/","title":{"rendered":"Conditions G\u00e9n\u00e9rales de Vente"},"content":{"rendered":"<p>[et_pb_section fb_built=&#8220;1&#8243; _builder_version=&#8220;4.16&#8243; background_color=&#8220;rgba(0,0,0,0)&#8220; global_colors_info=&#8220;{}&#8220;][et_pb_row _builder_version=&#8220;4.16&#8243; custom_padding=&#8220;31px|||||&#8220; global_colors_info=&#8220;{}&#8220;][et_pb_column type=&#8220;4_4&#8243; _builder_version=&#8220;4.16&#8243; global_colors_info=&#8220;{}&#8220;][et_pb_text _builder_version=&#8220;4.17.1&#8243; min_height=&#8220;2285.6px&#8220; hover_enabled=&#8220;0&#8243; global_colors_info=&#8220;{}&#8220; sticky_enabled=&#8220;0&#8243;]<\/p>\n<h1 style=\"text-align: center;\">Conditions g\u00e9n\u00e9rales de vente<\/h1>\n<h2>CGV Vins Heckmann<\/h2>\n<ul>\n<li>Application des Conditions G\u00e9n\u00e9rales de Ventes<\/li>\n<\/ul>\n<p>Toute commande de vins pass\u00e9e aupr\u00e8s de l&#8217;EARL HECKMANN Maurice implique l&#8217;acceptation sans r\u00e9serve des conditions g\u00e9n\u00e9rales de vente ci-dessous.<\/p>\n<ul>\n<li>L&#8217;abus d&#8217;alcool est dangereux pour la sant\u00e9. Il est important de le consommer avec mod\u00e9ration.<\/li>\n<li>Protection des mineurs : Aux termes de l&#8217;ordonnance 59-107 du 7 janvier 1959, et des lois L74-631 du 5 juillet 1974 et L91-32 du 10 janvier 1991, la vente d&#8217;alcool \u00e0 des mineurs de moins de 16 ans est interdite.<\/li>\n<\/ul>\n<p>Tout client de l&#8217;EARL HECKMANN Maurice certifie donc avoir 16 ans r\u00e9volus \u00e0 la date de la commande.<\/p>\n<h2 style=\"text-align: justify;\">Pr\u00e9sentation des produits<\/h2>\n<p>Les produits propos\u00e9s \u00e0 la vente sont d\u00e9crits sur le site :\u00a0www.vinsheckmann.com. Les photographies n&#8217;entrent pas dans le champ contractuel. La responsabilit\u00e9 de l&#8217;EARL HECKMANN Maurice ne saurait \u00eatre engag\u00e9e si des erreurs s&#8217;y \u00e9taient introduites.<\/p>\n<p>Nos prix sont exprim\u00e9s Toutes Taxes Comprises (TTC) en Euros.<\/p>\n<p>Frais de port en sus (voir ci-dessous)<\/p>\n<h2 style=\"text-align: justify;\">Disponibilit\u00e9s des produits<\/h2>\n<p style=\"text-align: justify;\">Les vins pr\u00e9sent\u00e9s sur notre site sont propos\u00e9s \u00e0 la vente dans la limite des stocks disponibles.<\/p>\n<h2 style=\"text-align: justify;\">Frais de port<\/h2>\n<p>Nos prix s&#8217;entendent TTC \u00e0 une m\u00eame adresse par poste ou transporteur selon quantit\u00e9 :<\/p>\n<ul>\n<li>un forfait de 10\u20ac pour toute commande inferieure \u00e0 250\u20ac<\/li>\n<li>livraison gratuite pour toute commande sup\u00e9rieure \u00e0 250\u20ac<\/li>\n<\/ul>\n<h2 style=\"text-align: justify;\">Conditionnement et emballage<\/h2>\n<p style=\"text-align: justify;\">Les vins sont g\u00e9n\u00e9ralement conditionn\u00e9s en cartons de 6 bouteilles, avec possibilit\u00e9 de panacher plusieurs r\u00e9f\u00e9rences et contenances.<\/p>\n<h2 style=\"text-align: justify;\">Conditions de Paiement<\/h2>\n<p>Le r\u00e8glement des marchandises achet\u00e9es aupr\u00e8s de l&#8217;EARL Heckmann Maurice s&#8217;effectue en totalit\u00e9 \u00e0 la commande.<\/p>\n<p>Les r\u00e8glements s&#8217;effectuent soit:<\/p>\n<ul>\n<li>par ch\u00e8que, \u00e0 l&#8217;ordre de l&#8217;EARL HECKMANN Maurice<\/li>\n<li>par carte de cr\u00e9dit en ligne via paypal<\/li>\n<li>en esp\u00e8ces si la commande est r\u00e9cup\u00e9r\u00e9e par le client au domaine<\/li>\n<li>par virement bancaire<\/li>\n<\/ul>\n<h2 style=\"text-align: justify;\">Paiement<\/h2>\n<p>Le paiement s&#8217;effectue comptant.<\/p>\n<p>Toute commande doit, afin d&#8217;\u00eatre trait\u00e9e et exp\u00e9di\u00e9e, comporter l&#8217;adresse pr\u00e9cise de facturation, le nom et les coordonn\u00e9es t\u00e9l\u00e9phoniques du contact ainsi que ceux du destinataire si l&#8217;adresse de livraison est diff\u00e9rente.<\/p>\n<p>Si tout ou partie des adresses de livraisons s&#8217;av\u00e8rent incorrectes obligeant l&#8217;EARL HECKMANN Maurice \u00e0 retourner les commandes dans son entrep\u00f4t, l&#8217;acheteur en supportera les cons\u00e9quences et l&#8217;EARL HECKMANN Maurice sera en droit de facturer les co\u00fbts administratifs et de transport associ\u00e9s au retour de commandes (\u00e0 savoir 25,00 \u20ac par colis).<\/p>\n<p>&nbsp;<\/p>\n<h2 style=\"text-align: justify;\">Livraison\/r\u00e9ception de commande<\/h2>\n<p style=\"text-align: justify;\">L&#8217;EARL HECKMANN Maurice s&#8217;engage \u00e0 mettre tout en oeuvre pour que la livraison soit effectu\u00e9e dans les meilleurs d\u00e9lais (g\u00e9n\u00e9ralement la livraison est de 8 jours \u00e0 compter de la date de r\u00e9ception du r\u00e8glement). En cas de non r\u00e9ception de la marchandise dans les d\u00e9lais indiqu\u00e9s ci-dessus, le client devra contacter l&#8217;EARL HECKMANN Maurice qui mettra tout en oeuvre pour en rechercher les causes et y rem\u00e9dier.<\/p>\n<p style=\"text-align: justify;\">Lors de la r\u00e9ception de la marchandise par l&#8217;acheteur, ce dernier devra imp\u00e9rativement, en cas d&#8217;avarie ou de manquant, \u00e9mettre des r\u00e9serves pr\u00e9cisant la nature et la non-conformit\u00e9 sur le bon de livraison du transporteur et en informer aussit\u00f4t l&#8217;EARL HECKMANN Maurice dans les plus brefs d\u00e9lais.<\/p>\n<h2 style=\"text-align: justify;\">Droit de r\u00e9tractaction<\/h2>\n<p style=\"text-align: justify;\">En application des dispositions de l&#8217;article L120-20 du Code de la Consommation, l&#8217;acheteur dispose d&#8217;un d\u00e9lai de sept jours francs \u00e0 compter de la date de livraison de sa commande pour faire retour de l&#8217;article livr\u00e9 pour \u00e9change ou remboursement, au choix de l&#8217;acheteur, sans p\u00e9nalit\u00e9s \u00e0 l&#8217;exception des frais de retour qui restent \u00e0 sa charge.<\/p>\n<p style=\"text-align: justify;\">Le client devra alors informer l&#8217;EARL HECKMANN Maurice par \u00e9crit de sa d\u00e9cision avant de retourner la marchandise.<\/p>\n<p style=\"text-align: justify;\">Les frais de retour sont \u00e0 la charge de l&#8217;acheteur. Il pourra retourner la marchandise non souhait\u00e9e dans un emballage ad\u00e9quat, la valeur des vins retourn\u00e9s lui sera rembours\u00e9e dans un d\u00e9lai de 1 \u00e0 3 semaines (\u00e0 l&#8217;exclusion des frais de transport initiaux).<\/p>\n<h2 style=\"text-align: justify;\">S\u00e9curit\u00e9 &amp; Confidentialit\u00e9<\/h2>\n<p style=\"text-align: justify;\">Les informations personnelles recueillies sur les interfaces du site\u00a0www.vinsheckmann.com\u00a0r\u00e9pondent \u00e0 nos besoins et nous permettent d&#8217;assurer un service \u00e0 distance, nous enregistrons certains \u00e9l\u00e9ments vous concernant (coordonn\u00e9es de livraison). Ces informations sont indispensables pour le traitement et l&#8217;acheminement de vos commandes. Les informations ainsi recueillies sont exclusivement r\u00e9serv\u00e9es \u00e0 un usage interne.<\/p>\n<p style=\"text-align: justify;\">Les fichiers du site\u00a0www.vinsheckmann.com\u00a0sont enregistr\u00e9s aupr\u00e8s de la CNIL (Commission Nationale de l&#8217;Informatique et des Libert\u00e9s) dont nous respectons scrupuleusement les r\u00e8gles.<\/p>\n<p style=\"text-align: justify;\">En application des articles 38 et suivants de la Loi n\u00b0 78-17 du 6 janvier 1978, relative \u00e0 l&#8217;informatique, aux fichiers et aux libert\u00e9s, les informations fournies pourront donner lieu \u00e0 l&#8217;exercice du droit d&#8217;acc\u00e8s aupr\u00e8s du site\u00a0www.vinsheckmann.com.<\/p>\n<h2 style=\"text-align: justify;\">Clause attributive de juridiction et droit applicable<\/h2>\n<p style=\"text-align: justify;\">Les parties soumettent le pr\u00e9sent contrat au droit fran\u00e7ais.<\/p>\n<p style=\"text-align: justify;\">Tous les diff\u00e9rends relatifs \u00e0 l&#8217;interpr\u00e9tation et \u00e0 l&#8217;ex\u00e9cution du pr\u00e9sent contrat seront de la comp\u00e9tence exclusive des Tribunaux du ressort du Tribunal de Grande Instance de Saverne.<\/p>\n<p>[\/et_pb_text][\/et_pb_column][\/et_pb_row][\/et_pb_section]<\/p>\n","protected":false},"excerpt":{"rendered":"<p>Conditions g\u00e9n\u00e9rales de vente CGV Vins Heckmann Application des Conditions G\u00e9n\u00e9rales de Ventes Toute commande de vins pass\u00e9e aupr\u00e8s de l&#8217;EARL HECKMANN Maurice implique l&#8217;acceptation sans r\u00e9serve des conditions g\u00e9n\u00e9rales de vente ci-dessous. L&#8217;abus d&#8217;alcool est dangereux pour la sant\u00e9. Il est important de le consommer avec mod\u00e9ration. Protection des mineurs : Aux termes de [&hellip;]<\/p>\n","protected":false},"author":1,"featured_media":0,"parent":0,"menu_order":0,"comment_status":"closed","ping_status":"closed","template":"","meta":{"_et_pb_use_builder":"on","_et_pb_old_content":"","_et_gb_content_width":"","footnotes":""},"class_list":["post-596","page","type-page","status-publish","hentry"],"_links":{"self":[{"href":"https:\/\/vinsheckmann.com\/de\/wp-json\/wp\/v2\/pages\/596","targetHints":{"allow":["GET"]}}],"collection":[{"href":"https:\/\/vinsheckmann.com\/de\/wp-json\/wp\/v2\/pages"}],"about":[{"href":"https:\/\/vinsheckmann.com\/de\/wp-json\/wp\/v2\/types\/page"}],"author":[{"embeddable":true,"href":"https:\/\/vinsheckmann.com\/de\/wp-json\/wp\/v2\/users\/1"}],"replies":[{"embeddable":true,"href":"https:\/\/vinsheckmann.com\/de\/wp-json\/wp\/v2\/comments?post=596"}],"version-history":[{"count":8,"href":"https:\/\/vinsheckmann.com\/de\/wp-json\/wp\/v2\/pages\/596\/revisions"}],"predecessor-version":[{"id":1726,"href":"https:\/\/vinsheckmann.com\/de\/wp-json\/wp\/v2\/pages\/596\/revisions\/1726"}],"wp:attachment":[{"href":"https:\/\/vinsheckmann.com\/de\/wp-json\/wp\/v2\/media?parent=596"}],"curies":[{"name":"wp","href":"https:\/\/api.w.org\/{rel}","templated":true}]}}