{"id":563,"date":"2020-09-09T11:47:10","date_gmt":"2020-09-09T09:47:10","guid":{"rendered":"https:\/\/vinsheckmann.com\/index-wp\/partner\/"},"modified":"2020-09-09T11:50:58","modified_gmt":"2020-09-09T09:50:58","slug":"partner","status":"publish","type":"page","link":"https:\/\/vinsheckmann.com\/de\/partner\/","title":{"rendered":"Partner"},"content":{"rendered":"<p>[et_pb_section fb_built=&#8220;1&#8243; _builder_version=&#8220;4.5.6&#8243; _module_preset=&#8220;default&#8220;][et_pb_row _builder_version=&#8220;4.5.6&#8243; _module_preset=&#8220;default&#8220;][et_pb_column type=&#8220;4_4&#8243; _builder_version=&#8220;4.5.6&#8243; _module_preset=&#8220;default&#8220;][et_pb_text _builder_version=&#8220;4.5.6&#8243; _module_preset=&#8220;default&#8220;]<\/p>\n<h1 style=\"text-align: center;\">Partner<\/h1>\n<p style=\"text-align: center;\">Hier steht die Restaurant und unsere Partner<\/p>\n<p>[\/et_pb_text][\/et_pb_column][\/et_pb_row][et_pb_row _builder_version=&#8220;4.5.6&#8243; _module_preset=&#8220;default&#8220;][et_pb_column type=&#8220;4_4&#8243; _builder_version=&#8220;4.5.6&#8243; _module_preset=&#8220;default&#8220;][et_pb_text _builder_version=&#8220;4.5.6&#8243; _module_preset=&#8220;default&#8220;]<\/p>\n<h2 style=\"text-align: center;\">Die Restaurant<\/h2>\n<p>[\/et_pb_text][\/et_pb_column][\/et_pb_row][et_pb_row column_structure=&#8220;1_3,1_3,1_3&#8243; _builder_version=&#8220;4.5.6&#8243; _module_preset=&#8220;default&#8220; global_module=&#8220;555&#8243; saved_tabs=&#8220;all&#8220;][et_pb_column type=&#8220;1_3&#8243; _builder_version=&#8220;4.5.6&#8243; _module_preset=&#8220;default&#8220;][et_pb_team_member name=&#8220;Restaurant Au Pont de L&#8217;Ill&#8220; position=&#8220;aupontdelill.com&#8220; _builder_version=&#8220;4.5.6&#8243; _module_preset=&#8220;default&#8220; position_font=&#8220;||||on||||&#8220; link_option_url=&#8220;https:\/\/aupontdelill.com\/&#8220; link_option_url_new_window=&#8220;on&#8220;]<\/p>\n<p>T\u00e9l. : 03 88 96 29 44<\/p>\n<p>2, rue du G\u00e9n\u00e9ral Leclerc<br \/> 67610 LA WANTZENAU<\/p>\n<p>[\/et_pb_team_member][et_pb_team_member name=&#8220;Restaurant Notre Dame&#8220; position=&#8220;hotelrestaurantnotredame.com&#8220; _builder_version=&#8220;4.5.6&#8243; _module_preset=&#8220;default&#8220; position_font=&#8220;||||on||||&#8220; link_option_url=&#8220;https:\/\/hotelrestaurantnotredame.com\/&#8220; link_option_url_new_window=&#8220;on&#8220;]<\/p>\n<p>T\u00e9l. : 03 88 93 85 27<\/p>\n<p>6, place de la Basilique<br \/> 67500 MARIENTHAL<\/p>\n<p>[\/et_pb_team_member][et_pb_team_member name=&#8220;Restaurant Au Tilleul&#8220; position=&#8220;restaurant-au-tilleul.fr&#8220; _builder_version=&#8220;4.5.6&#8243; _module_preset=&#8220;default&#8220; position_font=&#8220;||||on||||&#8220; link_option_url=&#8220;https:\/\/www.restaurant-au-tilleul.fr\/au-tilleul-cuisine-traditionnelle.html&#8220; link_option_url_new_window=&#8220;on&#8220;]<\/p>\n<p>T\u00e9l. : 03 88 50 66 23<\/p>\n<p>55, rue Principale<br \/> 67310 DAHLENHEIM<\/p>\n<p>[\/et_pb_team_member][\/et_pb_column][et_pb_column type=&#8220;1_3&#8243; _builder_version=&#8220;4.5.6&#8243; _module_preset=&#8220;default&#8220;][et_pb_team_member name=&#8220;H\u00f4tel-Restaurant Relais de la Poste&#8220; position=&#8220;relais-poste.com&#8220; _builder_version=&#8220;4.5.6&#8243; _module_preset=&#8220;default&#8220; position_font=&#8220;||||on||||&#8220; link_option_url=&#8220;https:\/\/relais-poste.com\/&#8220; link_option_url_new_window=&#8220;on&#8220;]<\/p>\n<p>T\u00e9l. : 03 88 59 24 80<\/p>\n<p>21, rue du G\u00e9n\u00e9ral de Gaulle<br \/> 67610 LA WANTZENAU<\/p>\n<p>[\/et_pb_team_member][et_pb_team_member name=&#8220;Restaurant Le Jardin Secret&#8220; position=&#8220;restaurant-jardinsecret.fr&#8220; _builder_version=&#8220;4.5.6&#8243; _module_preset=&#8220;default&#8220; position_font=&#8220;||||on||||&#8220; link_option_url=&#8220;http:\/\/restaurant-jardinsecret.fr\/&#8220; link_option_url_new_window=&#8220;on&#8220;]<\/p>\n<p>T\u00e9l. : 03 88 96 63 44<\/p>\n<p>32, rue de la Gare<br \/>67610 LA WANTZENAU<\/p>\n<p>[\/et_pb_team_member][et_pb_team_member name=&#8220;Restaurant de la Gare&#8220; position=&#8220;pagesjaunes.fr\/restaurant-de-la-gare&#8220; _builder_version=&#8220;4.5.6&#8243; _module_preset=&#8220;default&#8220; position_font=&#8220;||||on||||&#8220; link_option_url=&#8220;https:\/\/www.pagesjaunes.fr\/pros\/06355649&#8243; link_option_url_new_window=&#8220;on&#8220;]<\/p>\n<p>T\u00e9l. : 03 88 69 00 30<\/p>\n<p>2, route de Hurtigheim<br \/> 67117 ITTENHEIM<\/p>\n<p>[\/et_pb_team_member][\/et_pb_column][et_pb_column type=&#8220;1_3&#8243; _builder_version=&#8220;4.5.6&#8243; _module_preset=&#8220;default&#8220;][et_pb_team_member name=&#8220;Restaurant Le Grillon&#8220; position=&#8220;legrillon-restaurant.com&#8220; _builder_version=&#8220;4.5.6&#8243; _module_preset=&#8220;default&#8220; position_font=&#8220;||||on||||&#8220; link_option_url=&#8220;http:\/\/www.legrillon-restaurant.com\/&#8220; link_option_url_new_window=&#8220;on&#8220;]<\/p>\n<p>T\u00e9l. : 03 88 96 27 84<\/p>\n<p>18, route de Strasbourg<br \/> 67610 LA WANTZENAU<\/p>\n<p>[\/et_pb_team_member][et_pb_team_member name=&#8220;Restaurant La Petite Suisse&#8220; position=&#8220;facebook.com\/la-petite-suisse&#8220; _builder_version=&#8220;4.5.6&#8243; _module_preset=&#8220;default&#8220; position_font=&#8220;||||on||||&#8220; link_option_url=&#8220;https:\/\/www.facebook.com\/pages\/category\/Family-Style-Restaurant\/Restaurant-La-Petite-Suisse-138109590126435\/&#8220; link_option_url_new_window=&#8220;on&#8220;]<\/p>\n<p>T\u00e9l. : 03 88 87 05 38<\/p>\n<p>69, rue de Cosswiller<br \/> 67310 WASSELONNE<\/p>\n<p>[\/et_pb_team_member][et_pb_team_member name=&#8220;Restaurant de la Gare&#8220; position=&#8220;facebook.com\/restaurant-de-la-gare&#8220; _builder_version=&#8220;4.5.6&#8243; _module_preset=&#8220;default&#8220; position_font=&#8220;||||on||||&#8220; link_option_url=&#8220;https:\/\/www.facebook.com\/pages\/category\/French-Restaurant\/Restaurant-De-La-Gare-%C3%80-Dachstein-198136130235039\/&#8220; link_option_url_new_window=&#8220;on&#8220;]<\/p>\n<p>T\u00e9l. : 03 88 28 15 19<\/p>\n<p>221, route d&#8217;Altorf<br \/> 67120 DACHSTEIN<\/p>\n<p>[\/et_pb_team_member][\/et_pb_column][\/et_pb_row][et_pb_row _builder_version=&#8220;4.5.6&#8243; _module_preset=&#8220;default&#8220;][et_pb_column type=&#8220;4_4&#8243; _builder_version=&#8220;4.5.6&#8243; _module_preset=&#8220;default&#8220;][et_pb_text _builder_version=&#8220;4.5.6&#8243; _module_preset=&#8220;default&#8220;]<\/p>\n<h2 style=\"text-align: center;\">Zimmer<\/h2>\n<p>[\/et_pb_text][\/et_pb_column][\/et_pb_row][et_pb_row column_structure=&#8220;1_3,1_3,1_3&#8243; _builder_version=&#8220;4.5.6&#8243; _module_preset=&#8220;default&#8220; global_module=&#8220;557&#8243; saved_tabs=&#8220;all&#8220;][et_pb_column type=&#8220;1_3&#8243; _builder_version=&#8220;4.5.6&#8243; _module_preset=&#8220;default&#8220;][et_pb_team_member name=&#8220;Mr et Mme HECKMANN Beno\u00eet&#8220; position=&#8220;(4-5 personnes)&#8220; _builder_version=&#8220;4.5.6&#8243; _module_preset=&#8220;default&#8220; position_font=&#8220;||||on||||&#8220; link_option_url_new_window=&#8220;on&#8220;]<\/p>\n<p>T\u00e9l. : 03 88 50 62 16<\/p>\n<p>29, rue Principale<br \/> 67310 DAHLENHEIM<\/p>\n<p>[\/et_pb_team_member][et_pb_team_member name=&#8220;Mme et Mr Eug\u00e8ne KINTZELMANN&#8220; position=&#8220;(6 personnes)&#8220; _builder_version=&#8220;4.5.6&#8243; _module_preset=&#8220;default&#8220; position_font=&#8220;||||on||||&#8220; link_option_url_new_window=&#8220;on&#8220;]<\/p>\n<p>T\u00e9l. : 03 88 02 35 89<\/p>\n<p>2, rue Horst-Dassler<br \/>67490 DETTWILLER<\/p>\n<p>[\/et_pb_team_member][\/et_pb_column][et_pb_column type=&#8220;1_3&#8243; _builder_version=&#8220;4.5.6&#8243; _module_preset=&#8220;default&#8220;][et_pb_team_member name=&#8220;Mr er Mme MEYER&#8220; position=&#8220;Le G\u00eete des Chineurs&#8220; _builder_version=&#8220;4.5.6&#8243; _module_preset=&#8220;default&#8220; position_font=&#8220;||||on||||&#8220; link_option_url_new_window=&#8220;on&#8220;]<\/p>\n<p>T\u00e9l. : 06 32 82 12 09<\/p>\n<p>16, rue des Romains<br \/> 67310 ROMANSWILLER<\/p>\n<p>[\/et_pb_team_member][et_pb_team_member name=&#8220;Mme Marie-Th\u00e9r\u00e8se TOURNEUR&#8220; position=&#8220;gitetourneur.com (6 personnes)&#8220; _builder_version=&#8220;4.5.6&#8243; _module_preset=&#8220;default&#8220; position_font=&#8220;||||on||||&#8220; link_option_url=&#8220;http:\/\/gitetourneur.com\/&#8220; link_option_url_new_window=&#8220;on&#8220;]<\/p>\n<p>T\u00e9l. 03 88 38 62 49<\/p>\n<p>20, rue des Vosges<br \/> 67310 BERGBIETEN<\/p>\n<p>[\/et_pb_team_member][et_pb_team_member name=&#8220;M et Mme STEFFEN Vincent &#8220; position=&#8220;Les chevaux du destin&#8220; _builder_version=&#8220;4.5.6&#8243; _module_preset=&#8220;default&#8220; position_font=&#8220;||||on||||&#8220; link_option_url_new_window=&#8220;on&#8220;]<\/p>\n<p>T\u00e9l. : 03 88 50 09 37<br \/> Mail : steffen.vincent@orange.fr<\/p>\n<p>6, rue Principale<br \/> 67310 DAHLENHEIM<\/p>\n<p>[\/et_pb_team_member][\/et_pb_column][et_pb_column type=&#8220;1_3&#8243; _builder_version=&#8220;4.5.6&#8243; _module_preset=&#8220;default&#8220;][et_pb_team_member name=&#8220;Mr et Mme BRECHENMACHER&#8220; position=&#8220;(4 personnes)&#8220; _builder_version=&#8220;4.5.6&#8243; _module_preset=&#8220;default&#8220; position_font=&#8220;||||on||||&#8220; link_option_url_new_window=&#8220;on&#8220;]<\/p>\n<p>T\u00e9l. : 03 88 50 61 36<\/p>\n<p>94, rue Principale<br \/> 67310 SCHARRACHBERGHEIM<\/p>\n<p>[\/et_pb_team_member][et_pb_team_member name=&#8220;Mme Catherine HOFFBECK&#8220; position=&#8220;Le Pigeonnier (4 personnes)&#8220; _builder_version=&#8220;4.5.6&#8243; _module_preset=&#8220;default&#8220; position_font=&#8220;||||on||||&#8220; link_option_url_new_window=&#8220;on&#8220;]<\/p>\n<p>T\u00e9l. : 07 83 40 19 60<\/p>\n<p>205, rue de la Ganzau<br \/>67100 STRASBOURG<\/p>\n<p>[\/et_pb_team_member][\/et_pb_column][\/et_pb_row][et_pb_row _builder_version=&#8220;4.5.6&#8243; _module_preset=&#8220;default&#8220;][et_pb_column type=&#8220;4_4&#8243; _builder_version=&#8220;4.5.6&#8243; _module_preset=&#8220;default&#8220;][et_pb_text _builder_version=&#8220;4.5.6&#8243; _module_preset=&#8220;default&#8220;]<\/p>\n<h2 style=\"text-align: center;\">Verschiedenes<\/h2>\n<p>[\/et_pb_text][\/et_pb_column][\/et_pb_row][et_pb_row column_structure=&#8220;1_3,1_3,1_3&#8243; _builder_version=&#8220;4.5.6&#8243; _module_preset=&#8220;default&#8220;][et_pb_column type=&#8220;1_3&#8243; _builder_version=&#8220;4.5.6&#8243; _module_preset=&#8220;default&#8220;][et_pb_team_member name=&#8220;Les Amis du Cheval&#8220; position=&#8220;amis-du-cheval-strasbourg.com&#8220; _builder_version=&#8220;4.5.6&#8243; _module_preset=&#8220;default&#8220; position_font=&#8220;||||on||||&#8220; link_option_url=&#8220;http:\/\/www.amis-du-cheval-strasbourg.com\/&#8220; link_option_url_new_window=&#8220;on&#8220;]<\/p>\n<p>T\u00e9l. :\u00a006 10 12 48 40<\/p>\n<p>60, rue Hechner<br \/>67000 STRASBOURG<\/p>\n<p>[\/et_pb_team_member][et_pb_team_member name=&#8220;Bretzel et Chardon&#8220; position=&#8220;bretzeletchardon.blogspot.com&#8220; _builder_version=&#8220;4.5.6&#8243; _module_preset=&#8220;default&#8220; position_font=&#8220;||||on||||&#8220; link_option_url=&#8220;https:\/\/bretzeletchardon.blogspot.com\/&#8220; link_option_url_new_window=&#8220;on&#8220;]<\/p>\n<p>T\u00e9l. : 06 18 23 17 44<\/p>\n<p>bretzeletchardon@gmail.com<br \/>Cr\u00e9ations<\/p>\n<p>[\/et_pb_team_member][\/et_pb_column][et_pb_column type=&#8220;1_3&#8243; _builder_version=&#8220;4.5.6&#8243; _module_preset=&#8220;default&#8220;][et_pb_team_member name=&#8220;Madame Nadine HESS&#8220; position=&#8220;auxpassionsdenadine.pagesperso-orange.fr&#8220; _builder_version=&#8220;4.5.6&#8243; _module_preset=&#8220;default&#8220; position_font=&#8220;||||on||||&#8220; link_option_url=&#8220;http:\/\/auxpassionsdenadine.pagesperso-orange.fr\/&#8220; link_option_url_new_window=&#8220;on&#8220;]<\/p>\n<p>T\u00e9l. : 03 88 91 81 80<\/p>\n<p>12, rue du Gal Fetter<br \/>67700 SAVERNE<\/p>\n<p>[\/et_pb_team_member][\/et_pb_column][et_pb_column type=&#8220;1_3&#8243; _builder_version=&#8220;4.5.6&#8243; _module_preset=&#8220;default&#8220;][et_pb_team_member name=&#8220;France Passion&#8220; position=&#8220;france-passion.com&#8220; _builder_version=&#8220;4.5.6&#8243; _module_preset=&#8220;default&#8220; position_font=&#8220;||||on||||&#8220; link_option_url=&#8220;https:\/\/www.france-passion.com\/&#8220; link_option_url_new_window=&#8220;on&#8220;]<\/p>\n<p>info@france-passion.com<\/p>\n<p>CS 10057<br \/> 84202 CARPENTRAS Cedex<\/p>\n<p>[\/et_pb_team_member][et_pb_team_member name=&#8220;Ferme Clauss&#8220; position=&#8220;facebook.com\/fermeclauss&#8220; _builder_version=&#8220;4.5.6&#8243; _module_preset=&#8220;default&#8220; position_font=&#8220;||||on||||&#8220; link_option_url=&#8220;https:\/\/www.facebook.com\/fermeclauss\/&#8220; link_option_url_new_window=&#8220;on&#8220;]<\/p>\n<p>T\u00e9l. :\u00a003 88 96 60 31<\/p>\n<p>4, rue du G\u00e9n\u00e9ral Leclerc<br \/> 67610 LA WANTZENAU<\/p>\n<p>[\/et_pb_team_member][\/et_pb_column][\/et_pb_row][\/et_pb_section]<\/p>\n","protected":false},"excerpt":{"rendered":"<p>Partner Hier steht die Restaurant und unsere PartnerDie RestaurantT\u00e9l. : 03 88 96 29 44 2, rue du G\u00e9n\u00e9ral Leclerc 67610 LA WANTZENAUT\u00e9l. : 03 88 93 85 27 6, place de la Basilique 67500 MARIENTHALT\u00e9l. : 03 88 50 66 23 55, rue Principale 67310 DAHLENHEIMT\u00e9l. : 03 88 59 24 80 21, rue [&hellip;]<\/p>\n","protected":false},"author":1,"featured_media":0,"parent":0,"menu_order":0,"comment_status":"closed","ping_status":"closed","template":"","meta":{"_et_pb_use_builder":"on","_et_pb_old_content":"","_et_gb_content_width":"","footnotes":""},"class_list":["post-563","page","type-page","status-publish","hentry"],"_links":{"self":[{"href":"https:\/\/vinsheckmann.com\/de\/wp-json\/wp\/v2\/pages\/563","targetHints":{"allow":["GET"]}}],"collection":[{"href":"https:\/\/vinsheckmann.com\/de\/wp-json\/wp\/v2\/pages"}],"about":[{"href":"https:\/\/vinsheckmann.com\/de\/wp-json\/wp\/v2\/types\/page"}],"author":[{"embeddable":true,"href":"https:\/\/vinsheckmann.com\/de\/wp-json\/wp\/v2\/users\/1"}],"replies":[{"embeddable":true,"href":"https:\/\/vinsheckmann.com\/de\/wp-json\/wp\/v2\/comments?post=563"}],"version-history":[{"count":5,"href":"https:\/\/vinsheckmann.com\/de\/wp-json\/wp\/v2\/pages\/563\/revisions"}],"predecessor-version":[{"id":571,"href":"https:\/\/vinsheckmann.com\/de\/wp-json\/wp\/v2\/pages\/563\/revisions\/571"}],"wp:attachment":[{"href":"https:\/\/vinsheckmann.com\/de\/wp-json\/wp\/v2\/media?parent=563"}],"curies":[{"name":"wp","href":"https:\/\/api.w.org\/{rel}","templated":true}]}}