{"id":545,"date":"2020-09-09T11:10:08","date_gmt":"2020-09-09T09:10:08","guid":{"rendered":"https:\/\/vinsheckmann.com\/index-wp\/vorstellung\/"},"modified":"2020-09-09T11:10:08","modified_gmt":"2020-09-09T09:10:08","slug":"vorstellung","status":"publish","type":"page","link":"https:\/\/vinsheckmann.com\/de\/","title":{"rendered":"Vorstellung"},"content":{"rendered":"<p>[et_pb_section fb_built=&#8220;1&#8243; _builder_version=&#8220;4.3.4&#8243;][et_pb_row _builder_version=&#8220;4.6.0&#8243; _module_preset=&#8220;default&#8220;][et_pb_column type=&#8220;4_4&#8243; _builder_version=&#8220;4.6.0&#8243; _module_preset=&#8220;default&#8220;][et_pb_text _builder_version=&#8220;4.6.0&#8243; _module_preset=&#8220;default&#8220; hover_enabled=&#8220;0&#8243; sticky_enabled=&#8220;0&#8243;]<\/p>\n<h1 style=\"text-align: center;\">Vorstellung<\/h1>\n<p style=\"text-align: center;\">Moritz HECKMANN und seine Familie laden Sie ein, ihr Gebiet Dahlenheim zu entdecken, der Dorf bezaubert, der ist viticole, in 20 kms im Westen von Stra\u00dfburg gelegt, am Anfang des Weges von Weinen und in der Mitte des <a title=\"Weingartens der Goldkrone\" href=\"https:\/\/www.vignoble-couronne-or.com\/\" target=\"_blank\" rel=\"noopener noreferrer\">Weingartens der Goldkrone<\/a>.<\/p>\n<p>[\/et_pb_text][et_pb_image src=&#8220;https:\/\/vinsheckmann.com\/index-wp\/wp-content\/uploads\/2020\/08\/Bandeau-Maison-Heckmann.jpg&#8220; alt=&#8220;Maison Heckmann&#8220; title_text=&#8220;Bandeau Maison Heckmann&#8220; _builder_version=&#8220;4.6.0&#8243; _module_preset=&#8220;default&#8220;][\/et_pb_image][\/et_pb_column][\/et_pb_row][et_pb_row _builder_version=&#8220;4.6.0&#8243; width=&#8220;30%&#8220; width_tablet=&#8220;80%&#8220; width_phone=&#8220;&#8220; width_last_edited=&#8220;on|phone&#8220;][et_pb_column type=&#8220;4_4&#8243; _builder_version=&#8220;4.3.4&#8243;][et_pb_text _builder_version=&#8220;4.5.6&#8243;]<\/p>\n<h2 style=\"text-align: center;\">Geschichte<\/h2>\n<p style=\"text-align: justify;\">In den sechziger Jahren lebt das Familiengut von Mischkultur.<br \/>\nZu der Zeit stellt der Weinbau nur einen geringen Teil der Bewirtschaftung dar. Der erzeugte Wein wird an H\u00e4ndler verkauft.<br \/>\nAlphonse, der Vater, stellt gegen 1970 den Betrieb auf Eigenvermarktung um und vergr\u00f6\u00dfert nach und nach die Nutzfl\u00e4che.<\/p>\n<p style=\"text-align: justify;\">Nach Absolvierung des Weinbaugymnasiums in Beaune beginnt Maurice 1982, mit seinem Vater zusammen zu arbeiten und das in der Schule erlernte Wissen umzusetzen.<\/p>\n<p style=\"text-align: justify;\">Im Jahre 1988 \u00fcbernimmt er das Weingut, das sich weiter entwickelt hat, baut einen neuen Weinkeller, gestaltet und renoviert den Hoftrakt seinen Bed\u00fcrfnissen entsprechend. Heute erstreckt sich das Gut \u00fcber mehr als 9 Hektar in den Gemeinden Dahlenheim und Avolsheim.<\/p>\n<h2 style=\"text-align: center;\">Unser Weingarten<\/h2>\n<p style=\"text-align: justify;\">Unsere Weinberge erstrecken sich \u00fcber mehr als 10 Hektar in zwei Gemeinden, Dahlenheim und Avolsheim. Die 7 els\u00e4ssischen Rebsorten sind dort vertreten.<\/p>\n<h3 style=\"text-align: center;\">Rebsortenbestand<\/h3>\n<ul>\n<li>Sylvaner 8 %<\/li>\n<li>Riesling 35 % (5 % in Grand Cru Engelberg)<\/li>\n<li>Auxerrois 15 %<\/li>\n<li>Pinot noir 15 %<\/li>\n<li>Pinot Gris 12 %<\/li>\n<li>Gewurztraminer 12 %<\/li>\n<li>Muscat 3 %<\/li>\n<\/ul>\n<h2 style=\"text-align: center;\">Rebbepflanzung: Die B\u00f6den sind vornehmlich von Kalk und Mergel gepr\u00e4gt<\/h2>\n<p style=\"text-align: justify;\">Sorgfalt, Disziplin und Tradition sind Grundpfeiler f\u00fcr den Erhalt von Qualit\u00e4tswein, das hat Maurice HECKMANN wohl verstanden. In diesem Sinne bearbeitet er seine Weinberge und baut er seinen Wein mit Leidenschaft aus, unter Achtung der Natur und seiner Umwelt.<\/p>\n<p style=\"text-align: justify;\">Unsere Weine tragen die Marke unserer B\u00f6den, aus denen sie ihren Reichtum und ihre feine, gef\u00e4llige S\u00e4ure gezogen haben.<br \/>\nDie Vereinigung dieser Merkmale schl\u00e4gt sich in w\u00fcrzigen, vollen Weinen mit Struktur und sch\u00f6ner Ausgewogenheit nieder \u2013 Weine, auf die wir stolz sind. Sie sind ganz einfach authentisch, genau wie der Winzer auch.<\/p>\n<p>[\/et_pb_text][et_pb_image src=&#8220;https:\/\/vinsheckmann.com\/index-wp\/wp-content\/uploads\/2020\/08\/Famille-Heckmann.jpg&#8220; alt=&#8220;Famille Heckmann&#8220; title_text=&#8220;Famille Heckmann&#8220; _builder_version=&#8220;4.5.6&#8243; _module_preset=&#8220;default&#8220;][\/et_pb_image][\/et_pb_column][\/et_pb_row][\/et_pb_section]<\/p>\n","protected":false},"excerpt":{"rendered":"<p>Vorstellung Moritz HECKMANN und seine Familie laden Sie ein, ihr Gebiet Dahlenheim zu entdecken, der Dorf bezaubert, der ist viticole, in 20 kms im Westen von Stra\u00dfburg gelegt, am Anfang des Weges von Weinen und in der Mitte des Weingartens der Goldkrone. Geschichte In den sechziger Jahren lebt das Familiengut von Mischkultur. Zu der Zeit [&hellip;]<\/p>\n","protected":false},"author":1,"featured_media":0,"parent":0,"menu_order":0,"comment_status":"closed","ping_status":"closed","template":"","meta":{"_et_pb_use_builder":"on","_et_pb_old_content":"","_et_gb_content_width":"","footnotes":""},"class_list":["post-545","page","type-page","status-publish","hentry"],"_links":{"self":[{"href":"https:\/\/vinsheckmann.com\/de\/wp-json\/wp\/v2\/pages\/545","targetHints":{"allow":["GET"]}}],"collection":[{"href":"https:\/\/vinsheckmann.com\/de\/wp-json\/wp\/v2\/pages"}],"about":[{"href":"https:\/\/vinsheckmann.com\/de\/wp-json\/wp\/v2\/types\/page"}],"author":[{"embeddable":true,"href":"https:\/\/vinsheckmann.com\/de\/wp-json\/wp\/v2\/users\/1"}],"replies":[{"embeddable":true,"href":"https:\/\/vinsheckmann.com\/de\/wp-json\/wp\/v2\/comments?post=545"}],"version-history":[{"count":2,"href":"https:\/\/vinsheckmann.com\/de\/wp-json\/wp\/v2\/pages\/545\/revisions"}],"predecessor-version":[{"id":547,"href":"https:\/\/vinsheckmann.com\/de\/wp-json\/wp\/v2\/pages\/545\/revisions\/547"}],"wp:attachment":[{"href":"https:\/\/vinsheckmann.com\/de\/wp-json\/wp\/v2\/media?parent=545"}],"curies":[{"name":"wp","href":"https:\/\/api.w.org\/{rel}","templated":true}]}}